{"id":880,"date":"2026-03-21T11:54:15","date_gmt":"2026-03-21T09:54:15","guid":{"rendered":"https:\/\/oululines.blueflamestories.com\/?page_id=880"},"modified":"2026-04-18T14:12:28","modified_gmt":"2026-04-18T11:12:28","slug":"tilaus-ja-peruutusehdot","status":"publish","type":"page","link":"https:\/\/oululines.blueflamestories.com\/en\/tilaus-ja-peruutusehdot\/","title":{"rendered":"Tilaus- ja peruutusehdot"},"content":{"rendered":"<div data-elementor-type=\"wp-page\" data-elementor-id=\"880\" class=\"elementor elementor-880\" data-elementor-post-type=\"page\">\n\t\t\t\t\t\t<section class=\"elementor-section elementor-top-section elementor-element elementor-element-64605b9b elementor-section-height-min-height elementor-section-boxed elementor-section-height-default elementor-section-items-middle\" data-id=\"64605b9b\" data-element_type=\"section\" data-e-type=\"section\" data-settings=\"{&quot;background_background&quot;:&quot;classic&quot;}\">\n\t\t\t\t\t\t\t<div class=\"elementor-background-overlay\"><\/div>\n\t\t\t\t\t\t\t<div class=\"elementor-container elementor-column-gap-no\">\n\t\t\t\t\t<div class=\"elementor-column elementor-col-100 elementor-top-column elementor-element elementor-element-6c4b525 elementor-hidden-tablet elementor-hidden-mobile\" data-id=\"6c4b525\" data-element_type=\"column\" data-e-type=\"column\">\n\t\t\t<div class=\"elementor-widget-wrap\">\n\t\t\t\t\t\t\t<\/div>\n\t\t<\/div>\n\t\t\t\t\t<\/div>\n\t\t<\/section>\n\t\t\t\t<section class=\"elementor-section elementor-top-section elementor-element elementor-element-7d317620 elementor-section-boxed elementor-section-height-default elementor-section-height-default\" data-id=\"7d317620\" data-element_type=\"section\" data-e-type=\"section\">\n\t\t\t\t\t\t<div class=\"elementor-container elementor-column-gap-no\">\n\t\t\t\t\t<div class=\"elementor-column elementor-col-50 elementor-top-column elementor-element elementor-element-26681713 elementor-invisible\" data-id=\"26681713\" data-element_type=\"column\" data-e-type=\"column\" data-settings=\"{&quot;animation&quot;:&quot;fadeIn&quot;}\">\n\t\t\t<div class=\"elementor-widget-wrap elementor-element-populated\">\n\t\t\t\t\t\t<div class=\"elementor-element elementor-element-59262bd elementor-widget elementor-widget-image\" data-id=\"59262bd\" data-element_type=\"widget\" data-e-type=\"widget\" data-widget_type=\"image.default\">\n\t\t\t\t\t\t\t\t\t\t\t\t\t\t\t<img fetchpriority=\"high\" decoding=\"async\" width=\"1920\" height=\"2560\" src=\"https:\/\/oululines.blueflamestories.com\/wp-content\/uploads\/2026\/03\/Oulu-Lines-\u2013-Ikkuna-scaled.jpg\" class=\"attachment-full size-full wp-image-890\" alt=\"Oulu Lines \u2013 Ikkuna\" srcset=\"https:\/\/oululines.blueflamestories.com\/wp-content\/uploads\/2026\/03\/Oulu-Lines-\u2013-Ikkuna-scaled.jpg 1920w, https:\/\/oululines.blueflamestories.com\/wp-content\/uploads\/2026\/03\/Oulu-Lines-\u2013-Ikkuna-225x300.jpg 225w, https:\/\/oululines.blueflamestories.com\/wp-content\/uploads\/2026\/03\/Oulu-Lines-\u2013-Ikkuna-768x1024.jpg 768w, https:\/\/oululines.blueflamestories.com\/wp-content\/uploads\/2026\/03\/Oulu-Lines-\u2013-Ikkuna-1152x1536.jpg 1152w, https:\/\/oululines.blueflamestories.com\/wp-content\/uploads\/2026\/03\/Oulu-Lines-\u2013-Ikkuna-1536x2048.jpg 1536w, https:\/\/oululines.blueflamestories.com\/wp-content\/uploads\/2026\/03\/Oulu-Lines-\u2013-Ikkuna-1320x1760.jpg 1320w, https:\/\/oululines.blueflamestories.com\/wp-content\/uploads\/2026\/03\/Oulu-Lines-\u2013-Ikkuna-600x800.jpg 600w\" sizes=\"(max-width: 1920px) 100vw, 1920px\" \/>\t\t\t\t\t\t\t\t\t\t\t\t\t\t\t<\/div>\n\t\t\t\t<div class=\"elementor-element elementor-element-5504dc4d elementor-absolute elementor-widget elementor-widget-spacer\" data-id=\"5504dc4d\" data-element_type=\"widget\" data-e-type=\"widget\" data-settings=\"{&quot;_position&quot;:&quot;absolute&quot;}\" data-widget_type=\"spacer.default\">\n\t\t\t\t\t\t\t<div class=\"elementor-spacer\">\n\t\t\t<div class=\"elementor-spacer-inner\"><\/div>\n\t\t<\/div>\n\t\t\t\t\t\t<\/div>\n\t\t\t\t\t<\/div>\n\t\t<\/div>\n\t\t\t\t<div class=\"elementor-column elementor-col-50 elementor-top-column elementor-element elementor-element-67e1e17e\" data-id=\"67e1e17e\" data-element_type=\"column\" data-e-type=\"column\">\n\t\t\t<div class=\"elementor-widget-wrap elementor-element-populated\">\n\t\t\t\t\t\t<div class=\"elementor-element elementor-element-70e9f133 elementor-invisible elementor-widget elementor-widget-heading\" data-id=\"70e9f133\" data-element_type=\"widget\" data-e-type=\"widget\" data-settings=\"{&quot;_animation&quot;:&quot;fadeInUp&quot;,&quot;_animation_delay&quot;:&quot;600&quot;}\" data-widget_type=\"heading.default\">\n\t\t\t\t\t<h3 class=\"elementor-heading-title elementor-size-default\">Tilausehdot<\/h3>\t\t\t\t<\/div>\n\t\t\t\t<div class=\"elementor-element elementor-element-4eec2f82 elementor-invisible elementor-widget elementor-widget-text-editor\" data-id=\"4eec2f82\" data-element_type=\"widget\" data-e-type=\"widget\" data-settings=\"{&quot;_animation&quot;:&quot;fadeInUp&quot;,&quot;_animation_delay&quot;:&quot;700&quot;}\" data-widget_type=\"text-editor.default\">\n\t\t\t\t\t\t\t\t\t<p>Sek\u00e4 yleis\u00f6- ett\u00e4 tilausristeilyt tilataan <a href=\"https:\/\/oululines.blueflamestories.com\/en\/tilaa-risteily\/\">varaussivulta<\/a>.<\/p><p>Yleis\u00f6risteilylle paikka varataan varauskalenterista ja maksetaan varausprosessin lopuksi. Maksutapoja ovat pankki- ja luottokortit sek\u00e4&#8230;<\/p><p>Tilausristeilyt varataan varaussivulla olevalla lomakkeella ja maksetaan laskulla, jonka l\u00e4het\u00e4mme ilmoittamaanne osoitteeseen erikseen.<\/p>\t\t\t\t\t\t\t\t<\/div>\n\t\t\t\t\t<\/div>\n\t\t<\/div>\n\t\t\t\t\t<\/div>\n\t\t<\/section>\n\t\t\t\t<section class=\"elementor-section elementor-top-section elementor-element elementor-element-d4e5261 elementor-section-boxed elementor-section-height-default elementor-section-height-default\" data-id=\"d4e5261\" data-element_type=\"section\" data-e-type=\"section\">\n\t\t\t\t\t\t<div class=\"elementor-container elementor-column-gap-no\">\n\t\t\t\t\t<div class=\"elementor-column elementor-col-50 elementor-top-column elementor-element elementor-element-e894dcf\" data-id=\"e894dcf\" data-element_type=\"column\" data-e-type=\"column\">\n\t\t\t<div class=\"elementor-widget-wrap elementor-element-populated\">\n\t\t\t\t\t\t<div class=\"elementor-element elementor-element-6bc634c elementor-invisible elementor-widget elementor-widget-heading\" data-id=\"6bc634c\" data-element_type=\"widget\" data-e-type=\"widget\" data-settings=\"{&quot;_animation&quot;:&quot;fadeInUp&quot;,&quot;_animation_delay&quot;:&quot;600&quot;}\" data-widget_type=\"heading.default\">\n\t\t\t\t\t<h3 class=\"elementor-heading-title elementor-size-default\">Peruutusehdot<\/h3>\t\t\t\t<\/div>\n\t\t\t\t<div class=\"elementor-element elementor-element-023656f elementor-invisible elementor-widget elementor-widget-text-editor\" data-id=\"023656f\" data-element_type=\"widget\" data-e-type=\"widget\" data-settings=\"{&quot;_animation&quot;:&quot;fadeInUp&quot;,&quot;_animation_delay&quot;:&quot;700&quot;}\" data-widget_type=\"text-editor.default\">\n\t\t\t\t\t\t\t\t\t<p>Peruutusehdot koskevat sek\u00e4 yleis\u00f6- ett\u00e4 tilausristeilyj\u00e4.<\/p><p>Peruutus on teht\u00e4v\u00e4 kirjallisesti postitse, faksilla tai s\u00e4hk\u00f6postitse.<\/p><p>Peruutusp\u00e4iv\u00e4m\u00e4\u00e4r\u00e4 on se p\u00e4iv\u00e4m\u00e4\u00e4r\u00e4, jolloin Oulu Lines Oy on vastaanottanut kirjallisen ilmoituksen peruutuksesta.<\/p><p>Jos peruutus tehd\u00e4\u00e4n yli 30 vuorokautta ennen varattua risteilyp\u00e4iv\u00e4\u00e4, Oulu Lines ei laskuta peruutusturvamaksua.<\/p><p>Jos peruutus tehd\u00e4\u00e4n 8\u201314 vuorokautta ennen varattua risteilyp\u00e4iv\u00e4\u00e4, laskutetaan peruutusturvamaksuna 50 % risteilyvarauksen kokonaissummasta (risteilyliput\/alusvuokra ja tilatut ravintolapalvelut).<\/p><p>Jos peruutus tehd\u00e4\u00e4n 0\u20137 vuorokautta ennen varattua risteilyp\u00e4iv\u00e4\u00e4, laskutetaan peruutusturvamaksuna 100 % risteilyvarauksen kokonaissummasta (risteilyliput\/alusvuokra ja tilatut ravintolapalvelut).<\/p><p>Omien juomien ja ruokien tuonti ja nauttiminen aluksella on kielletty (alkoholilains\u00e4\u00e4d\u00e4nt\u00f6).<\/p><p>Minimil\u00e4htij\u00e4m\u00e4\u00e4r\u00e4 on 35 henkil\u00f6\u00e4.<\/p><p>Laskutus on aina sovittava etuk\u00e4teen.<\/p>\t\t\t\t\t\t\t\t<\/div>\n\t\t\t\t\t<\/div>\n\t\t<\/div>\n\t\t\t\t<div class=\"elementor-column elementor-col-50 elementor-top-column elementor-element elementor-element-97ebb11 elementor-invisible\" data-id=\"97ebb11\" data-element_type=\"column\" data-e-type=\"column\" data-settings=\"{&quot;animation&quot;:&quot;fadeIn&quot;}\">\n\t\t\t<div class=\"elementor-widget-wrap elementor-element-populated\">\n\t\t\t\t\t\t<div class=\"elementor-element elementor-element-c499f35 elementor-widget elementor-widget-image\" data-id=\"c499f35\" data-element_type=\"widget\" data-e-type=\"widget\" data-widget_type=\"image.default\">\n\t\t\t\t\t\t\t\t\t\t\t\t\t\t\t<img decoding=\"async\" width=\"1920\" height=\"2560\" src=\"https:\/\/oululines.blueflamestories.com\/wp-content\/uploads\/2026\/03\/Oulu-Lines-\u2013-Risteilylla-scaled.jpg\" class=\"attachment-full size-full wp-image-891\" alt=\"\" srcset=\"https:\/\/oululines.blueflamestories.com\/wp-content\/uploads\/2026\/03\/Oulu-Lines-\u2013-Risteilylla-scaled.jpg 1920w, https:\/\/oululines.blueflamestories.com\/wp-content\/uploads\/2026\/03\/Oulu-Lines-\u2013-Risteilylla-225x300.jpg 225w, https:\/\/oululines.blueflamestories.com\/wp-content\/uploads\/2026\/03\/Oulu-Lines-\u2013-Risteilylla-768x1024.jpg 768w, https:\/\/oululines.blueflamestories.com\/wp-content\/uploads\/2026\/03\/Oulu-Lines-\u2013-Risteilylla-1152x1536.jpg 1152w, https:\/\/oululines.blueflamestories.com\/wp-content\/uploads\/2026\/03\/Oulu-Lines-\u2013-Risteilylla-1536x2048.jpg 1536w, https:\/\/oululines.blueflamestories.com\/wp-content\/uploads\/2026\/03\/Oulu-Lines-\u2013-Risteilylla-1320x1760.jpg 1320w, https:\/\/oululines.blueflamestories.com\/wp-content\/uploads\/2026\/03\/Oulu-Lines-\u2013-Risteilylla-600x800.jpg 600w\" sizes=\"(max-width: 1920px) 100vw, 1920px\" \/>\t\t\t\t\t\t\t\t\t\t\t\t\t\t\t<\/div>\n\t\t\t\t<div class=\"elementor-element elementor-element-9cb143b elementor-absolute elementor-widget elementor-widget-spacer\" data-id=\"9cb143b\" data-element_type=\"widget\" data-e-type=\"widget\" data-settings=\"{&quot;_position&quot;:&quot;absolute&quot;}\" data-widget_type=\"spacer.default\">\n\t\t\t\t\t\t\t<div class=\"elementor-spacer\">\n\t\t\t<div class=\"elementor-spacer-inner\"><\/div>\n\t\t<\/div>\n\t\t\t\t\t\t<\/div>\n\t\t\t\t\t<\/div>\n\t\t<\/div>\n\t\t\t\t\t<\/div>\n\t\t<\/section>\n\t\t\t\t<\/div>","protected":false},"excerpt":{"rendered":"<p>Tilausehdot Sek\u00e4 yleis\u00f6- ett\u00e4 tilausristeilyt tilataan varaussivulta. Yleis\u00f6risteilylle paikka varataan varauskalenterista ja maksetaan varausprosessin lopuksi. Maksutapoja ovat pankki- ja luottokortit sek\u00e4&#8230; Tilausristeilyt varataan varaussivulla olevalla lomakkeella ja maksetaan laskulla, jonka l\u00e4het\u00e4mme ilmoittamaanne osoitteeseen erikseen. Peruutusehdot Peruutusehdot koskevat sek\u00e4 yleis\u00f6- ett\u00e4 tilausristeilyj\u00e4. Peruutus on teht\u00e4v\u00e4 kirjallisesti postitse, faksilla tai s\u00e4hk\u00f6postitse. Peruutusp\u00e4iv\u00e4m\u00e4\u00e4r\u00e4 on se p\u00e4iv\u00e4m\u00e4\u00e4r\u00e4, jolloin Oulu [&hellip;]<\/p>\n","protected":false},"author":1,"featured_media":0,"parent":0,"menu_order":0,"comment_status":"closed","ping_status":"closed","template":"","meta":{"footnotes":""},"class_list":["post-880","page","type-page","status-publish","hentry"],"jetpack_sharing_enabled":true,"_links":{"self":[{"href":"https:\/\/oululines.blueflamestories.com\/en\/wp-json\/wp\/v2\/pages\/880","targetHints":{"allow":["GET"]}}],"collection":[{"href":"https:\/\/oululines.blueflamestories.com\/en\/wp-json\/wp\/v2\/pages"}],"about":[{"href":"https:\/\/oululines.blueflamestories.com\/en\/wp-json\/wp\/v2\/types\/page"}],"author":[{"embeddable":true,"href":"https:\/\/oululines.blueflamestories.com\/en\/wp-json\/wp\/v2\/users\/1"}],"replies":[{"embeddable":true,"href":"https:\/\/oululines.blueflamestories.com\/en\/wp-json\/wp\/v2\/comments?post=880"}],"version-history":[{"count":25,"href":"https:\/\/oululines.blueflamestories.com\/en\/wp-json\/wp\/v2\/pages\/880\/revisions"}],"predecessor-version":[{"id":2370,"href":"https:\/\/oululines.blueflamestories.com\/en\/wp-json\/wp\/v2\/pages\/880\/revisions\/2370"}],"wp:attachment":[{"href":"https:\/\/oululines.blueflamestories.com\/en\/wp-json\/wp\/v2\/media?parent=880"}],"curies":[{"name":"wp","href":"https:\/\/api.w.org\/{rel}","templated":true}]}}