{"id":700,"date":"2026-03-18T00:04:22","date_gmt":"2026-03-17T22:04:22","guid":{"rendered":"https:\/\/oululines.blueflamestories.com\/?page_id=700"},"modified":"2026-04-17T17:16:45","modified_gmt":"2026-04-17T14:16:45","slug":"menut","status":"publish","type":"page","link":"https:\/\/oululines.blueflamestories.com\/en\/menut\/","title":{"rendered":"Menut"},"content":{"rendered":"<div data-elementor-type=\"wp-page\" data-elementor-id=\"700\" class=\"elementor elementor-700\" data-elementor-post-type=\"page\">\n\t\t\t\t\t\t<section class=\"elementor-section elementor-top-section elementor-element elementor-element-71be1f73 elementor-section-height-min-height elementor-section-boxed elementor-section-height-default elementor-section-items-middle\" data-id=\"71be1f73\" data-element_type=\"section\" data-e-type=\"section\" data-settings=\"{&quot;background_background&quot;:&quot;classic&quot;}\">\n\t\t\t\t\t\t\t<div class=\"elementor-background-overlay\"><\/div>\n\t\t\t\t\t\t\t<div class=\"elementor-container elementor-column-gap-no\">\n\t\t\t\t\t<div class=\"elementor-column elementor-col-100 elementor-top-column elementor-element elementor-element-7acb96ad elementor-hidden-tablet elementor-hidden-mobile\" data-id=\"7acb96ad\" data-element_type=\"column\" data-e-type=\"column\">\n\t\t\t<div class=\"elementor-widget-wrap\">\n\t\t\t\t\t\t\t<\/div>\n\t\t<\/div>\n\t\t\t\t\t<\/div>\n\t\t<\/section>\n\t\t\t\t<section class=\"elementor-section elementor-top-section elementor-element elementor-element-58f54f96 elementor-section-boxed elementor-section-height-default elementor-section-height-default\" data-id=\"58f54f96\" data-element_type=\"section\" data-e-type=\"section\">\n\t\t\t\t\t\t<div class=\"elementor-container elementor-column-gap-no\">\n\t\t\t\t\t<div class=\"elementor-column elementor-col-100 elementor-top-column elementor-element elementor-element-1f741374\" data-id=\"1f741374\" data-element_type=\"column\" data-e-type=\"column\">\n\t\t\t<div class=\"elementor-widget-wrap elementor-element-populated\">\n\t\t\t\t\t\t<section class=\"elementor-section elementor-inner-section elementor-element elementor-element-1e8e8849 elementor-section-boxed elementor-section-height-default elementor-section-height-default\" data-id=\"1e8e8849\" data-element_type=\"section\" data-e-type=\"section\">\n\t\t\t\t\t\t<div class=\"elementor-container elementor-column-gap-no\">\n\t\t\t\t\t<div class=\"elementor-column elementor-col-100 elementor-inner-column elementor-element elementor-element-7738c00e\" data-id=\"7738c00e\" data-element_type=\"column\" data-e-type=\"column\">\n\t\t\t<div class=\"elementor-widget-wrap elementor-element-populated\">\n\t\t\t\t\t\t<div class=\"elementor-element elementor-element-1d9230b6 elementor-invisible elementor-widget elementor-widget-heading\" data-id=\"1d9230b6\" data-element_type=\"widget\" data-e-type=\"widget\" data-settings=\"{&quot;_animation&quot;:&quot;fadeInUp&quot;,&quot;_animation_delay&quot;:&quot;500&quot;}\" data-widget_type=\"heading.default\">\n\t\t\t\t\t<h1 class=\"elementor-heading-title elementor-size-default\">Menut \u2013 vesi kielell\u00e4 laineilla!<\/h1>\t\t\t\t<\/div>\n\t\t\t\t<div class=\"elementor-element elementor-element-ae5a2bc elementor-invisible elementor-widget elementor-widget-text-editor\" data-id=\"ae5a2bc\" data-element_type=\"widget\" data-e-type=\"widget\" data-settings=\"{&quot;_animation&quot;:&quot;fadeInUp&quot;,&quot;_animation_delay&quot;:500}\" data-widget_type=\"text-editor.default\">\n\t\t\t\t\t\t\t\t\t<div class=\"elementToProof\">Ravintolalaivassamme nautit laadukkaista ja maistuvista aterioista merellisess\u00e4 ymp\u00e4rist\u00f6ss\u00e4. Taitava laivakokkimme valmistaa herkulliset annokset my\u00f6s vaativampaan makuun.<\/div><div>\u00a0<\/div><div class=\"elementToProof\">Ammattitaitoiset tarjoilijamme tuovat annokset suoraan p\u00f6ytiin, joten voit keskitty\u00e4 rentoutumiseen ja nauttia risteilyst\u00e4 t\u00e4ysin siemauksin.<\/div><div>\u00a0<\/div><div class=\"elementToProof\">Valitse suosikkisi <a href=\"https:\/\/oululines.blueflamestories.com\/en\/menut\/merimenu\/\">Merimenusta<\/a> ja viimeistele risteilyel\u00e4myksesi hyv\u00e4ll\u00e4 ruoalla ja juomalla.<\/div><div><div>\u00a0<\/div><div class=\"elementToProof\"><a href=\"https:\/\/oululines.blueflamestories.com\/en\/menut\/tilausmenu\/\">Tilausristeilyj\u00e4<\/a> varten olemme koonneet valmiiksi herkulliset menukokonaisuudet, joista l\u00f6ytyy vaihtoehtoja jokaiseen makuun. Valitse suosikkisi ja tee meriretkest\u00e4si entist\u00e4 nautinnollisempi ruokailupaketin kera.<\/div><div>\u00a0<\/div><div class=\"elementToProof\">Huolella valitusta juomavalikoimastamme l\u00f6yd\u00e4t menuihin sopivat alkudrinkit, ruokaviinit sek\u00e4 kahvi- ja j\u00e4lkiruokajuomat. Huomioimme aina my\u00f6s erikoisruokavaliot ja allergiat, jotta jokainen vieras voi nauttia el\u00e4myksest\u00e4 huoletta.<\/div><\/div>\t\t\t\t\t\t\t\t<\/div>\n\t\t\t\t<div class=\"elementor-element elementor-element-ec20a9d elementor-widget elementor-widget-image\" data-id=\"ec20a9d\" data-element_type=\"widget\" data-e-type=\"widget\" data-widget_type=\"image.default\">\n\t\t\t\t\t\t\t\t\t\t\t\t\t\t\t<img fetchpriority=\"high\" decoding=\"async\" width=\"1920\" height=\"2560\" src=\"https:\/\/oululines.blueflamestories.com\/wp-content\/uploads\/2026\/03\/Oulu-Lines-\u2013-Ruokaa-scaled.jpg\" class=\"attachment-full size-full wp-image-531\" alt=\"\" srcset=\"https:\/\/oululines.blueflamestories.com\/wp-content\/uploads\/2026\/03\/Oulu-Lines-\u2013-Ruokaa-scaled.jpg 1920w, https:\/\/oululines.blueflamestories.com\/wp-content\/uploads\/2026\/03\/Oulu-Lines-\u2013-Ruokaa-225x300.jpg 225w, https:\/\/oululines.blueflamestories.com\/wp-content\/uploads\/2026\/03\/Oulu-Lines-\u2013-Ruokaa-768x1024.jpg 768w, https:\/\/oululines.blueflamestories.com\/wp-content\/uploads\/2026\/03\/Oulu-Lines-\u2013-Ruokaa-1152x1536.jpg 1152w, https:\/\/oululines.blueflamestories.com\/wp-content\/uploads\/2026\/03\/Oulu-Lines-\u2013-Ruokaa-1536x2048.jpg 1536w, https:\/\/oululines.blueflamestories.com\/wp-content\/uploads\/2026\/03\/Oulu-Lines-\u2013-Ruokaa-1320x1760.jpg 1320w, https:\/\/oululines.blueflamestories.com\/wp-content\/uploads\/2026\/03\/Oulu-Lines-\u2013-Ruokaa-600x800.jpg 600w\" sizes=\"(max-width: 1920px) 100vw, 1920px\" \/>\t\t\t\t\t\t\t\t\t\t\t\t\t\t\t<\/div>\n\t\t\t\t\t<\/div>\n\t\t<\/div>\n\t\t\t\t\t<\/div>\n\t\t<\/section>\n\t\t\t\t\t<\/div>\n\t\t<\/div>\n\t\t\t\t\t<\/div>\n\t\t<\/section>\n\t\t\t\t<\/div>","protected":false},"excerpt":{"rendered":"<p>Menut \u2013 vesi kielell\u00e4 laineilla! Ravintolalaivassamme nautit laadukkaista ja maistuvista aterioista merellisess\u00e4 ymp\u00e4rist\u00f6ss\u00e4. Taitava laivakokkimme valmistaa herkulliset annokset my\u00f6s vaativampaan makuun.\u00a0Ammattitaitoiset tarjoilijamme tuovat annokset suoraan p\u00f6ytiin, joten voit keskitty\u00e4 rentoutumiseen ja nauttia risteilyst\u00e4 t\u00e4ysin siemauksin.\u00a0Valitse suosikkisi Merimenusta ja viimeistele risteilyel\u00e4myksesi hyv\u00e4ll\u00e4 ruoalla ja juomalla.\u00a0Tilausristeilyj\u00e4 varten olemme koonneet valmiiksi herkulliset menukokonaisuudet, joista l\u00f6ytyy vaihtoehtoja jokaiseen makuun. [&hellip;]<\/p>\n","protected":false},"author":1,"featured_media":0,"parent":0,"menu_order":0,"comment_status":"closed","ping_status":"closed","template":"","meta":{"footnotes":""},"class_list":["post-700","page","type-page","status-publish","hentry"],"jetpack_sharing_enabled":true,"_links":{"self":[{"href":"https:\/\/oululines.blueflamestories.com\/en\/wp-json\/wp\/v2\/pages\/700","targetHints":{"allow":["GET"]}}],"collection":[{"href":"https:\/\/oululines.blueflamestories.com\/en\/wp-json\/wp\/v2\/pages"}],"about":[{"href":"https:\/\/oululines.blueflamestories.com\/en\/wp-json\/wp\/v2\/types\/page"}],"author":[{"embeddable":true,"href":"https:\/\/oululines.blueflamestories.com\/en\/wp-json\/wp\/v2\/users\/1"}],"replies":[{"embeddable":true,"href":"https:\/\/oululines.blueflamestories.com\/en\/wp-json\/wp\/v2\/comments?post=700"}],"version-history":[{"count":142,"href":"https:\/\/oululines.blueflamestories.com\/en\/wp-json\/wp\/v2\/pages\/700\/revisions"}],"predecessor-version":[{"id":2163,"href":"https:\/\/oululines.blueflamestories.com\/en\/wp-json\/wp\/v2\/pages\/700\/revisions\/2163"}],"wp:attachment":[{"href":"https:\/\/oululines.blueflamestories.com\/en\/wp-json\/wp\/v2\/media?parent=700"}],"curies":[{"name":"wp","href":"https:\/\/api.w.org\/{rel}","templated":true}]}}