{"id":452,"date":"2026-03-16T00:16:10","date_gmt":"2026-03-15T22:16:10","guid":{"rendered":"https:\/\/oululines.blueflamestories.com\/?page_id=452"},"modified":"2026-04-18T15:30:09","modified_gmt":"2026-04-18T12:30:09","slug":"tilaa-risteily","status":"publish","type":"page","link":"https:\/\/oululines.blueflamestories.com\/en\/tilaa-risteily\/","title":{"rendered":"Tilaa risteily"},"content":{"rendered":"\t\t<div data-elementor-type=\"wp-page\" data-elementor-id=\"452\" class=\"elementor elementor-452\" data-elementor-post-type=\"page\">\n\t\t\t\t\t\t<section class=\"elementor-section elementor-top-section elementor-element elementor-element-582182db elementor-section-height-min-height elementor-section-boxed elementor-section-height-default elementor-section-items-middle\" data-id=\"582182db\" data-element_type=\"section\" data-e-type=\"section\" data-settings=\"{&quot;background_background&quot;:&quot;classic&quot;}\">\n\t\t\t\t\t\t\t<div class=\"elementor-background-overlay\"><\/div>\n\t\t\t\t\t\t\t<div class=\"elementor-container elementor-column-gap-no\">\n\t\t\t\t\t<div class=\"elementor-column elementor-col-100 elementor-top-column elementor-element elementor-element-78cd174c elementor-hidden-tablet elementor-hidden-mobile\" data-id=\"78cd174c\" data-element_type=\"column\" data-e-type=\"column\">\n\t\t\t<div class=\"elementor-widget-wrap\">\n\t\t\t\t\t\t\t<\/div>\n\t\t<\/div>\n\t\t\t\t\t<\/div>\n\t\t<\/section>\n\t\t\t\t<section class=\"elementor-section elementor-top-section elementor-element elementor-element-35fbb15f elementor-section-boxed elementor-section-height-default elementor-section-height-default\" data-id=\"35fbb15f\" data-element_type=\"section\" data-e-type=\"section\">\n\t\t\t\t\t\t<div class=\"elementor-container elementor-column-gap-no\">\n\t\t\t\t\t<div class=\"elementor-column elementor-col-100 elementor-top-column elementor-element elementor-element-3589ce8e\" data-id=\"3589ce8e\" data-element_type=\"column\" data-e-type=\"column\">\n\t\t\t<div class=\"elementor-widget-wrap elementor-element-populated\">\n\t\t\t\t\t\t<div class=\"elementor-element elementor-element-7eb01b0f elementor-widget elementor-widget-heading\" data-id=\"7eb01b0f\" data-element_type=\"widget\" data-e-type=\"widget\" data-widget_type=\"heading.default\">\n\t\t\t\t\t<h1 class=\"elementor-heading-title elementor-size-default\">Varaukset<\/h1>\t\t\t\t<\/div>\n\t\t\t\t<div class=\"elementor-element elementor-element-0dc4498 elementor-invisible elementor-widget elementor-widget-heading\" data-id=\"0dc4498\" data-element_type=\"widget\" data-e-type=\"widget\" data-settings=\"{&quot;_animation&quot;:&quot;fadeInUp&quot;,&quot;_animation_delay&quot;:&quot;600&quot;}\" data-widget_type=\"heading.default\">\n\t\t\t\t\t<h2 class=\"elementor-heading-title elementor-size-default\">Yleis\u00f6risteilyt<\/h2>\t\t\t\t<\/div>\n\t\t\t\t<div class=\"elementor-element elementor-element-ba39bab elementor-widget elementor-widget-text-editor\" data-id=\"ba39bab\" data-element_type=\"widget\" data-e-type=\"widget\" data-widget_type=\"text-editor.default\">\n\t\t\t\t\t\t\t\t\t<p>Varaa paikkasi yleis\u00f6risteilylle alla olevasta varauskalenterista. Maksu suoritetaan samassa n\u00e4kym\u00e4ss\u00e4 paitsi jos haluat tulla yleis\u00f6risteilylle suoraan laiturilta. T\u00e4ll\u00f6in lis\u00e4maksu on 8 \u20ac.<\/p>\t\t\t\t\t\t\t\t<\/div>\n\t\t\t\t<div class=\"elementor-element elementor-element-f71ef31 elementor-widget elementor-widget-stepbooking\" data-id=\"f71ef31\" data-element_type=\"widget\" data-e-type=\"widget\" data-widget_type=\"stepbooking.default\">\n\t\t\t\t<div class=\"elementor-widget-container\">\n\t\t\t\t\t\n<script>\n  if (typeof hasAmeliaEntitiesApiCall === 'undefined' && ('' === '' && '' !== '1')) {\n    var hasAmeliaEntitiesApiCall = true;\n  }\n  var ameliaShortcodeData = (typeof ameliaShortcodeData === 'undefined') ? [] : ameliaShortcodeData;\n  ameliaShortcodeData.push(\n    {\n      'hasApiCall': (typeof hasAmeliaEntitiesApiCall !== 'undefined') && hasAmeliaEntitiesApiCall,\n      'trigger': '',\n      'trigger_type': '',\n      'triggered_form': 'sbsNew',\n      'in_dialog': '',\n      'show': '',\n      'counter': '1000',\n      'category': '',\n      'service': '',\n      'employee': '',\n      'location': '',\n      'package': '',\n      'layout': '1',\n    }\n  );\n\n  var ameliaShortcodeDataTriggered = (typeof ameliaShortcodeDataTriggered === 'undefined') ? [] : ameliaShortcodeDataTriggered;\n  if (ameliaShortcodeData[ameliaShortcodeData.length - 1].trigger !== '') {\n    if (ameliaShortcodeDataTriggered.filter(a => a.counter === ameliaShortcodeData[ameliaShortcodeData.length - 1].counter).length === 0) {\n      ameliaShortcodeDataTriggered.push(ameliaShortcodeData.pop());\n    } else {\n      ameliaShortcodeData.pop()\n    }\n  }\n  if (typeof hasAmeliaEntitiesApiCall !== 'undefined' && hasAmeliaEntitiesApiCall) {\n    hasAmeliaEntitiesApiCall = false;\n  }\n<\/script>\n\n<div\n  id=\"amelia-v2-booking-1000\"\n  class=\"amelia-v2-booking\"\n >\n    <step-form-wrapper><\/step-form-wrapper><\/div>\n\t\t\t\t<\/div>\n\t\t\t\t<\/div>\n\t\t\t\t<div class=\"elementor-element elementor-element-5d484bdd elementor-invisible elementor-widget elementor-widget-heading\" data-id=\"5d484bdd\" data-element_type=\"widget\" data-e-type=\"widget\" data-settings=\"{&quot;_animation&quot;:&quot;fadeInUp&quot;,&quot;_animation_delay&quot;:&quot;600&quot;}\" data-widget_type=\"heading.default\">\n\t\t\t\t\t<h2 class=\"elementor-heading-title elementor-size-default\">Tilausristeilyt<\/h2>\t\t\t\t<\/div>\n\t\t\t\t<div class=\"elementor-element elementor-element-8ce0a2d elementor-widget elementor-widget-text-editor\" data-id=\"8ce0a2d\" data-element_type=\"widget\" data-e-type=\"widget\" data-widget_type=\"text-editor.default\">\n\t\t\t\t\t\t\t\t\t<p><strong>Tilausristeilyp\u00e4ivi\u00e4 ei ole merkattu yll\u00e4 olevaan yleis\u00f6risteilyjen varauskalenteriin.<\/strong> Voit tiedustella tilausristeily\u00e4 alla olevalla lomakkeella \u2013 tarkistamme varaustilanteen ja olemme sinuun yhteydess\u00e4 mahdollisimman pian.<\/p>\t\t\t\t\t\t\t\t<\/div>\n\t\t\t\t<div class=\"elementor-element elementor-element-728c014f elementor-button-align-start elementor-mobile-button-align-center elementor-widget elementor-widget-form\" data-id=\"728c014f\" data-element_type=\"widget\" data-e-type=\"widget\" data-settings=\"{&quot;step_next_label&quot;:&quot;Seuraava&quot;,&quot;step_previous_label&quot;:&quot;Edellinen&quot;,&quot;button_width&quot;:&quot;100&quot;,&quot;step_type&quot;:&quot;number_text&quot;,&quot;step_icon_shape&quot;:&quot;circle&quot;}\" data-widget_type=\"form.default\">\n\t\t\t\t\t\t\t<form class=\"elementor-form\" method=\"post\" id=\"tarjouskaavake\" name=\"Tarjouskaavake risteilylle\" aria-label=\"Tarjouskaavake risteilylle\">\n\t\t\t<input type=\"hidden\" name=\"post_id\" value=\"452\"\/>\n\t\t\t<input type=\"hidden\" name=\"form_id\" value=\"728c014f\"\/>\n\t\t\t<input type=\"hidden\" name=\"referer_title\" value=\"Tilaa risteily\" \/>\n\n\t\t\t\t\t\t\t<input type=\"hidden\" name=\"queried_id\" value=\"452\"\/>\n\t\t\t\n\t\t\t<div class=\"elementor-form-fields-wrapper elementor-labels-above\">\n\t\t\t\t\t\t\t\t<div class=\"elementor-field-type-text elementor-field-group elementor-column elementor-field-group-nimi elementor-col-33 elementor-field-required elementor-mark-required\">\n\t\t\t\t\t\t\t\t\t\t\t\t<label for=\"form-field-nimi\" class=\"elementor-field-label\">\n\t\t\t\t\t\t\t\tNimesi\t\t\t\t\t\t\t<\/label>\n\t\t\t\t\t\t\t\t\t\t\t\t\t\t<input size=\"1\" type=\"text\" name=\"form_fields[nimi]\" id=\"form-field-nimi\" class=\"elementor-field elementor-size-lg  elementor-field-textual\" placeholder=\"Etunimi Sukunimi\" required=\"required\">\n\t\t\t\t\t\t\t\t\t\t\t<\/div>\n\t\t\t\t\t\t\t\t<div class=\"elementor-field-type-email elementor-field-group elementor-column elementor-field-group-sahkoposti elementor-col-33 elementor-field-required elementor-mark-required\">\n\t\t\t\t\t\t\t\t\t\t\t\t<label for=\"form-field-sahkoposti\" class=\"elementor-field-label\">\n\t\t\t\t\t\t\t\tS\u00e4hk\u00f6postiosoitteesi\t\t\t\t\t\t\t<\/label>\n\t\t\t\t\t\t\t\t\t\t\t\t\t\t<input size=\"1\" type=\"email\" name=\"form_fields[sahkoposti]\" id=\"form-field-sahkoposti\" class=\"elementor-field elementor-size-lg  elementor-field-textual\" placeholder=\"nimi@domain.com\" required=\"required\">\n\t\t\t\t\t\t\t\t\t\t\t<\/div>\n\t\t\t\t\t\t\t\t<div class=\"elementor-field-type-tel elementor-field-group elementor-column elementor-field-group-puhelinnumero elementor-col-33 elementor-field-required elementor-mark-required\">\n\t\t\t\t\t\t\t\t\t\t\t\t<label for=\"form-field-puhelinnumero\" class=\"elementor-field-label\">\n\t\t\t\t\t\t\t\tPuhelinnumerosi\t\t\t\t\t\t\t<\/label>\n\t\t\t\t\t\t\t\t<input size=\"1\" type=\"tel\" name=\"form_fields[puhelinnumero]\" id=\"form-field-puhelinnumero\" class=\"elementor-field elementor-size-lg  elementor-field-textual\" placeholder=\"0401234567\" required=\"required\" pattern=\"[0-9()#&amp;+*-=.]+\" title=\"Only numbers and phone characters (#, -, *, etc) are accepted.\">\n\n\t\t\t\t\t\t<\/div>\n\t\t\t\t\t\t\t\t<div class=\"elementor-field-type-text elementor-field-group elementor-column elementor-field-group-yhteiso elementor-col-25\">\n\t\t\t\t\t\t\t\t\t\t\t\t<label for=\"form-field-yhteiso\" class=\"elementor-field-label\">\n\t\t\t\t\t\t\t\tYrityksesi\/yhteis\u00f6si nimi\t\t\t\t\t\t\t<\/label>\n\t\t\t\t\t\t\t\t\t\t\t\t\t\t<input size=\"1\" type=\"text\" name=\"form_fields[yhteiso]\" id=\"form-field-yhteiso\" class=\"elementor-field elementor-size-lg  elementor-field-textual\" placeholder=\"Yhteis\u00f6n nimi\">\n\t\t\t\t\t\t\t\t\t\t\t<\/div>\n\t\t\t\t\t\t\t\t<div class=\"elementor-field-type-number elementor-field-group elementor-column elementor-field-group-henkilomaara elementor-col-25 elementor-field-required elementor-mark-required\">\n\t\t\t\t\t\t\t\t\t\t\t\t<label for=\"form-field-henkilomaara\" class=\"elementor-field-label\">\n\t\t\t\t\t\t\t\tArvioitu henkil\u00f6m\u00e4\u00e4r\u00e4\t\t\t\t\t\t\t<\/label>\n\t\t\t\t\t\t\t\t\t<input type=\"number\" name=\"form_fields[henkilomaara]\" id=\"form-field-henkilomaara\" class=\"elementor-field elementor-size-lg  elementor-field-textual\" placeholder=\"10\" required=\"required\" min=\"10\" max=\"140\" >\n\t\t\t\t\t\t<\/div>\n\t\t\t\t\t\t\t\t<div class=\"elementor-field-type-date elementor-field-group elementor-column elementor-field-group-risteilypaiva elementor-col-25 elementor-field-required elementor-mark-required\">\n\t\t\t\t\t\t\t\t\t\t\t\t<label for=\"form-field-risteilypaiva\" class=\"elementor-field-label\">\n\t\t\t\t\t\t\t\tToivottu risteilyp\u00e4iv\u00e4\t\t\t\t\t\t\t<\/label>\n\t\t\t\t\t\t\n\t\t<input type=\"date\" name=\"form_fields[risteilypaiva]\" id=\"form-field-risteilypaiva\" class=\"elementor-field elementor-size-lg  elementor-field-textual elementor-date-field elementor-use-native\" placeholder=\"pp.kk.vvvv\" required=\"required\" pattern=\"[0-9]{4}-[0-9]{2}-[0-9]{2}\" min=\"2026-05-01\" max=\"2027-08-31\">\n\t\t\t\t\t\t<\/div>\n\t\t\t\t\t\t\t\t<div class=\"elementor-field-type-select elementor-field-group elementor-column elementor-field-group-risteilyn_kesto elementor-col-25 elementor-field-required elementor-mark-required\">\n\t\t\t\t\t\t\t\t\t\t\t\t<label for=\"form-field-risteilyn_kesto\" class=\"elementor-field-label\">\n\t\t\t\t\t\t\t\tToivottu risteilyn kesto\t\t\t\t\t\t\t<\/label>\n\t\t\t\t\t\t\t\t<div class=\"elementor-field elementor-select-wrapper remove-before \">\n\t\t\t<div class=\"select-caret-down-wrapper\">\n\t\t\t\t<svg aria-hidden=\"true\" class=\"e-font-icon-svg e-eicon-caret-down\" viewBox=\"0 0 571.4 571.4\" xmlns=\"http:\/\/www.w3.org\/2000\/svg\"><path d=\"M571 393Q571 407 561 418L311 668Q300 679 286 679T261 668L11 418Q0 407 0 393T11 368 36 357H536Q550 357 561 368T571 393Z\"><\/path><\/svg>\t\t\t<\/div>\n\t\t\t<select name=\"form_fields[risteilyn_kesto]\" id=\"form-field-risteilyn_kesto\" class=\"elementor-field-textual elementor-size-lg\" required=\"required\">\n\t\t\t\t\t\t\t\t\t<option value=\"2 tuntia\">2 tuntia<\/option>\n\t\t\t\t\t\t\t\t\t<option value=\"3 tuntia\">3 tuntia<\/option>\n\t\t\t\t\t\t\t\t\t<option value=\"4 tuntia\">4 tuntia<\/option>\n\t\t\t\t\t\t\t\t\t<option value=\"yli 4 tuntia (ilmoita kesto lis\u00e4tiedoissa)\">yli 4 tuntia (ilmoita kesto lis\u00e4tiedoissa)<\/option>\n\t\t\t\t\t\t\t<\/select>\n\t\t<\/div>\n\t\t\t\t\t\t<\/div>\n\t\t\t\t\t\t\t\t<div class=\"elementor-field-type-html elementor-field-group elementor-column elementor-field-group-field_22dfe14 elementor-col-100\">\n\t\t\t\t\t<b>Tarjoilut risteilyll\u00e4<\/b>\t\t\t\t<\/div>\n\t\t\t\t\t\t\t\t<div class=\"elementor-field-type-radio elementor-field-group elementor-column elementor-field-group-menuvalinta elementor-col-100\">\n\t\t\t\t\t<div class=\"elementor-field-subgroup  \"><span class=\"elementor-field-option\"><input type=\"radio\" value=\"Menu 1: Vihre\u00e4 saaren salaatti, Kiikelin kanaa, Laivaluotsin herkku\" id=\"form-field-menuvalinta-0\" name=\"form_fields[menuvalinta]\"> <label for=\"form-field-menuvalinta-0\">Menu 1: Vihre\u00e4 saaren salaatti, Kiikelin kanaa, Laivaluotsin herkku<\/label><\/span><span class=\"elementor-field-option\"><input type=\"radio\" value=\"Menu 2: Vihre\u00e4 saaren salaatti, Laivurin lohta, J\u00e4\u00e4tel\u00f6\u00e4 ja kastiketta\" id=\"form-field-menuvalinta-1\" name=\"form_fields[menuvalinta]\"> <label for=\"form-field-menuvalinta-1\">Menu 2: Vihre\u00e4 saaren salaatti, Laivurin lohta, J\u00e4\u00e4tel\u00f6\u00e4 ja kastiketta<\/label><\/span><span class=\"elementor-field-option\"><input type=\"radio\" value=\"Menu 3: Oulujoen kuningasta, Per\u00e4miehen pippuripihvi, Alexandran unelma\" id=\"form-field-menuvalinta-2\" name=\"form_fields[menuvalinta]\"> <label for=\"form-field-menuvalinta-2\">Menu 3: Oulujoen kuningasta, Per\u00e4miehen pippuripihvi, Alexandran unelma<\/label><\/span><span class=\"elementor-field-option\"><input type=\"radio\" value=\"Menu 4: Merenk\u00e4vij\u00e4n kanasalaatti, Troolarin h\u00e4rk\u00e4\u00e4, J\u00e4\u00e4tel\u00f6\u00e4 ja kastiketta\" id=\"form-field-menuvalinta-3\" name=\"form_fields[menuvalinta]\"> <label for=\"form-field-menuvalinta-3\">Menu 4: Merenk\u00e4vij\u00e4n kanasalaatti, Troolarin h\u00e4rk\u00e4\u00e4, J\u00e4\u00e4tel\u00f6\u00e4 ja kastiketta<\/label><\/span><span class=\"elementor-field-option\"><input type=\"radio\" value=\"Menu 5: Kraaselin sienikeittoa, Per\u00e4miehen pippuripihvi, Alexandran unelma\" id=\"form-field-menuvalinta-4\" name=\"form_fields[menuvalinta]\"> <label for=\"form-field-menuvalinta-4\">Menu 5: Kraaselin sienikeittoa, Per\u00e4miehen pippuripihvi, Alexandran unelma<\/label><\/span><span class=\"elementor-field-option\"><input type=\"radio\" value=\"Menu 6: Luotolaisen lohikeittoa, Alexandran possua, Laivaluotsin herkku\" id=\"form-field-menuvalinta-5\" name=\"form_fields[menuvalinta]\"> <label for=\"form-field-menuvalinta-5\">Menu 6: Luotolaisen lohikeittoa, Alexandran possua, Laivaluotsin herkku<\/label><\/span><\/div>\t\t\t\t<\/div>\n\t\t\t\t\t\t\t\t<div class=\"elementor-field-type-textarea elementor-field-group elementor-column elementor-field-group-lisatiedot elementor-col-100\">\n\t\t\t\t\t\t\t\t\t\t\t\t<label for=\"form-field-lisatiedot\" class=\"elementor-field-label\">\n\t\t\t\t\t\t\t\tLis\u00e4tiedot\t\t\t\t\t\t\t<\/label>\n\t\t\t\t\t\t<textarea class=\"elementor-field-textual elementor-field  elementor-size-lg\" name=\"form_fields[lisatiedot]\" id=\"form-field-lisatiedot\" rows=\"4\" placeholder=\"Kirjoita t\u00e4h\u00e4n lis\u00e4tietoja tarjouspyynt\u00f6\u00e4si koskien.\"><\/textarea>\t\t\t\t<\/div>\n\t\t\t\t\t\t\t\t<div class=\"elementor-field-type-acceptance elementor-field-group elementor-column elementor-field-group-hyvaksynta elementor-col-100 elementor-field-required elementor-mark-required\">\n\t\t\t\t\t\t\t\t\t\t\t\t<label for=\"form-field-hyvaksynta\" class=\"elementor-field-label\">\n\t\t\t\t\t\t\t\tEhtojen hyv\u00e4ksyminen\t\t\t\t\t\t\t<\/label>\n\t\t\t\t\t\t\t\t<div class=\"elementor-field-subgroup\">\n\t\t\t<span class=\"elementor-field-option\">\n\t\t\t\t<input type=\"checkbox\" name=\"form_fields[hyvaksynta]\" id=\"form-field-hyvaksynta\" class=\"elementor-field elementor-size-lg  elementor-acceptance-field\" required=\"required\">\n\t\t\t\t<label for=\"form-field-hyvaksynta\">Hyv\u00e4ksyn Oulu Linesin <a href=\"https:\/\/oululines.blueflamestories.com\/tilaus-ja-peruutusehdot\">tilaus- ja peruutusehdot<\/a>.<\/label>\t\t\t<\/span>\n\t\t<\/div>\n\t\t\t\t\t\t<\/div>\n\t\t\t\t\t\t\t\t<div class=\"elementor-field-type-recaptcha_v3 elementor-field-group elementor-column elementor-field-group-recaptcha elementor-col-100 recaptcha_v3-bottomleft\">\n\t\t\t\t\t<div class=\"elementor-field\" id=\"form-field-recaptcha\"><div class=\"elementor-g-recaptcha\" data-sitekey=\"6Lf2qYssAAAAACtfM_3jgnXV7f4RY1cotZbbVZr7\" data-type=\"v3\" data-action=\"Form\" data-badge=\"bottomleft\" data-size=\"invisible\"><\/div><\/div>\t\t\t\t<\/div>\n\t\t\t\t\t\t\t\t<div class=\"elementor-field-type-text\">\n\t\t\t\t\t<input size=\"1\" type=\"text\" name=\"form_fields[hunajapurkki]\" id=\"form-field-hunajapurkki\" class=\"elementor-field elementor-size-lg \" style=\"display:none !important;\">\t\t\t\t<\/div>\n\t\t\t\t\t\t\t\t<div class=\"elementor-field-group elementor-column elementor-field-type-submit elementor-col-100 e-form__buttons\">\n\t\t\t\t\t<button class=\"elementor-button elementor-size-lg\" type=\"submit\">\n\t\t\t\t\t\t<span class=\"elementor-button-content-wrapper\">\n\t\t\t\t\t\t\t\t\t\t\t\t\t\t\t\t\t\t\t\t\t\t<span class=\"elementor-button-text\">L\u00e4het\u00e4<\/span>\n\t\t\t\t\t\t\t\t\t\t\t\t\t<\/span>\n\t\t\t\t\t<\/button>\n\t\t\t\t<\/div>\n\t\t\t<\/div>\n\t\t<\/form>\n\t\t\t\t\t\t<\/div>\n\t\t\t\t\t<\/div>\n\t\t<\/div>\n\t\t\t\t\t<\/div>\n\t\t<\/section>\n\t\t\t\t<\/div>\n\t\t","protected":false},"excerpt":{"rendered":"<p>Varaukset Yleis\u00f6risteilyt Varaa paikkasi yleis\u00f6risteilylle alla olevasta varauskalenterista. Maksu suoritetaan samassa n\u00e4kym\u00e4ss\u00e4 paitsi jos haluat tulla yleis\u00f6risteilylle suoraan laiturilta. T\u00e4ll\u00f6in lis\u00e4maksu on 8 \u20ac. Tilausristeilyt Tilausristeilyp\u00e4ivi\u00e4 ei ole merkattu yll\u00e4 olevaan yleis\u00f6risteilyjen varauskalenteriin. Voit tiedustella tilausristeily\u00e4 alla olevalla lomakkeella \u2013 tarkistamme varaustilanteen ja olemme sinuun yhteydess\u00e4 mahdollisimman pian.<\/p>","protected":false},"author":1,"featured_media":0,"parent":0,"menu_order":0,"comment_status":"closed","ping_status":"closed","template":"","meta":{"footnotes":""},"class_list":["post-452","page","type-page","status-publish","hentry"],"jetpack_sharing_enabled":true,"_links":{"self":[{"href":"https:\/\/oululines.blueflamestories.com\/en\/wp-json\/wp\/v2\/pages\/452","targetHints":{"allow":["GET"]}}],"collection":[{"href":"https:\/\/oululines.blueflamestories.com\/en\/wp-json\/wp\/v2\/pages"}],"about":[{"href":"https:\/\/oululines.blueflamestories.com\/en\/wp-json\/wp\/v2\/types\/page"}],"author":[{"embeddable":true,"href":"https:\/\/oululines.blueflamestories.com\/en\/wp-json\/wp\/v2\/users\/1"}],"replies":[{"embeddable":true,"href":"https:\/\/oululines.blueflamestories.com\/en\/wp-json\/wp\/v2\/comments?post=452"}],"version-history":[{"count":229,"href":"https:\/\/oululines.blueflamestories.com\/en\/wp-json\/wp\/v2\/pages\/452\/revisions"}],"predecessor-version":[{"id":2423,"href":"https:\/\/oululines.blueflamestories.com\/en\/wp-json\/wp\/v2\/pages\/452\/revisions\/2423"}],"wp:attachment":[{"href":"https:\/\/oululines.blueflamestories.com\/en\/wp-json\/wp\/v2\/media?parent=452"}],"curies":[{"name":"wp","href":"https:\/\/api.w.org\/{rel}","templated":true}]}}