{"id":356,"date":"2026-01-19T18:34:04","date_gmt":"2026-01-19T16:34:04","guid":{"rendered":"http:\/\/oululines.blueflamestories.com\/?page_id=356"},"modified":"2026-04-18T15:25:31","modified_gmt":"2026-04-18T12:25:31","slug":"risteilyt","status":"publish","type":"page","link":"https:\/\/oululines.blueflamestories.com\/en\/risteilyt\/","title":{"rendered":"Risteilyt"},"content":{"rendered":"<div data-elementor-type=\"wp-page\" data-elementor-id=\"356\" class=\"elementor elementor-356\" data-elementor-post-type=\"page\">\n\t\t\t\t\t\t<section class=\"elementor-section elementor-top-section elementor-element elementor-element-5fe659a7 elementor-section-height-min-height elementor-section-boxed elementor-section-height-default elementor-section-items-middle\" data-id=\"5fe659a7\" data-element_type=\"section\" data-e-type=\"section\" data-settings=\"{&quot;background_background&quot;:&quot;classic&quot;}\">\n\t\t\t\t\t\t\t<div class=\"elementor-background-overlay\"><\/div>\n\t\t\t\t\t\t\t<div class=\"elementor-container elementor-column-gap-no\">\n\t\t\t\t\t<div class=\"elementor-column elementor-col-100 elementor-top-column elementor-element elementor-element-298b08de elementor-hidden-tablet elementor-hidden-mobile\" data-id=\"298b08de\" data-element_type=\"column\" data-e-type=\"column\">\n\t\t\t<div class=\"elementor-widget-wrap\">\n\t\t\t\t\t\t\t<\/div>\n\t\t<\/div>\n\t\t\t\t\t<\/div>\n\t\t<\/section>\n\t\t\t\t<section class=\"elementor-section elementor-top-section elementor-element elementor-element-2add769 elementor-section-boxed elementor-section-height-default elementor-section-height-default\" data-id=\"2add769\" data-element_type=\"section\" data-e-type=\"section\">\n\t\t\t\t\t\t<div class=\"elementor-container elementor-column-gap-no\">\n\t\t\t\t\t<div class=\"elementor-column elementor-col-100 elementor-top-column elementor-element elementor-element-6dfb4d50\" data-id=\"6dfb4d50\" data-element_type=\"column\" data-e-type=\"column\">\n\t\t\t<div class=\"elementor-widget-wrap elementor-element-populated\">\n\t\t\t\t\t\t<div class=\"elementor-element elementor-element-11ce4118 elementor-widget elementor-widget-heading\" data-id=\"11ce4118\" data-element_type=\"widget\" data-e-type=\"widget\" data-widget_type=\"heading.default\">\n\t\t\t\t\t<h1 class=\"elementor-heading-title elementor-size-default\">Risteilyt<\/h1>\t\t\t\t<\/div>\n\t\t\t\t<div class=\"elementor-element elementor-element-c67ce57 elementor-widget elementor-widget-text-editor\" data-id=\"c67ce57\" data-element_type=\"widget\" data-e-type=\"widget\" data-widget_type=\"text-editor.default\">\n\t\t\t\t\t\t\t\t\t<p>Tarjoamme\u00a0<a href=\"https:\/\/oululines.blueflamestories.com\/en\/risteilyt\/yleisoristeilyt\/\">yleis\u00f6risteilyj\u00e4<\/a> p\u00e4iv\u00e4ll\u00e4 ja illalla sek\u00e4 <a href=\"https:\/\/oululines.blueflamestories.com\/en\/risteilyt\/tilausristeilyt\/\">tilausristeilyj\u00e4<\/a>.<\/p><p>Paikkasi yleis\u00f6risteilylle voit ostaa <a href=\"https:\/\/oululines.blueflamestories.com\/en\/tilaa-risteily\/\">varaussivultamme<\/a> varauskalenterista.<\/p><p>Aluksemme tarjoavat erinomaiset puitteet onnistuneelle risteilylle. Laivalla on monipuoliset ruokailumahdollisuudet iltaristeilyill\u00e4, ja drinkkibaari palvelee koko matkan ajan. Kun musiikki kutsuu, voit suunnata tanssilattialle.<\/p><p>P\u00e4iv\u00e4risteilyill\u00e4 nautitaan puolestaan kauniista merimaisemista virvokkeiden, kahvin tai vaikkapa j\u00e4\u00e4tel\u00f6annosten kera. Raikkaasta meri-ilmasta voi nauttia osittain katetulla aurinkokannella.<\/p><p>Tule mukaan kokemaan Oulun upeat merimaisemat!<\/p>\t\t\t\t\t\t\t\t<\/div>\n\t\t\t\t<div class=\"elementor-element elementor-element-fb7efa5 elementor-widget elementor-widget-image\" data-id=\"fb7efa5\" data-element_type=\"widget\" data-e-type=\"widget\" data-widget_type=\"image.default\">\n\t\t\t\t\t\t\t\t\t\t\t\t\t\t\t<img fetchpriority=\"high\" decoding=\"async\" width=\"2560\" height=\"1920\" src=\"https:\/\/oululines.blueflamestories.com\/wp-content\/uploads\/2026\/04\/Oulu-Lines-\u2013-Alexandra-laiturissa-scaled.jpg\" class=\"attachment-full size-full wp-image-1877\" alt=\"\" srcset=\"https:\/\/oululines.blueflamestories.com\/wp-content\/uploads\/2026\/04\/Oulu-Lines-\u2013-Alexandra-laiturissa-scaled.jpg 2560w, https:\/\/oululines.blueflamestories.com\/wp-content\/uploads\/2026\/04\/Oulu-Lines-\u2013-Alexandra-laiturissa-300x225.jpg 300w, https:\/\/oululines.blueflamestories.com\/wp-content\/uploads\/2026\/04\/Oulu-Lines-\u2013-Alexandra-laiturissa-1024x768.jpg 1024w, https:\/\/oululines.blueflamestories.com\/wp-content\/uploads\/2026\/04\/Oulu-Lines-\u2013-Alexandra-laiturissa-768x576.jpg 768w, https:\/\/oululines.blueflamestories.com\/wp-content\/uploads\/2026\/04\/Oulu-Lines-\u2013-Alexandra-laiturissa-1536x1152.jpg 1536w, https:\/\/oululines.blueflamestories.com\/wp-content\/uploads\/2026\/04\/Oulu-Lines-\u2013-Alexandra-laiturissa-2048x1536.jpg 2048w, https:\/\/oululines.blueflamestories.com\/wp-content\/uploads\/2026\/04\/Oulu-Lines-\u2013-Alexandra-laiturissa-16x12.jpg 16w, https:\/\/oululines.blueflamestories.com\/wp-content\/uploads\/2026\/04\/Oulu-Lines-\u2013-Alexandra-laiturissa-1320x990.jpg 1320w, https:\/\/oululines.blueflamestories.com\/wp-content\/uploads\/2026\/04\/Oulu-Lines-\u2013-Alexandra-laiturissa-600x450.jpg 600w\" sizes=\"(max-width: 2560px) 100vw, 2560px\" \/>\t\t\t\t\t\t\t\t\t\t\t\t\t\t\t<\/div>\n\t\t\t\t<div class=\"elementor-element elementor-element-58a4f62 elementor-invisible elementor-widget elementor-widget-heading\" data-id=\"58a4f62\" data-element_type=\"widget\" data-e-type=\"widget\" data-settings=\"{&quot;_animation&quot;:&quot;fadeInUp&quot;,&quot;_animation_delay&quot;:&quot;500&quot;}\" data-widget_type=\"heading.default\">\n\t\t\t\t\t<h4 class=\"elementor-heading-title elementor-size-default\">Alukset<\/h4>\t\t\t\t<\/div>\n\t\t\t\t<section class=\"elementor-section elementor-inner-section elementor-element elementor-element-59a21070 elementor-section-full_width elementor-section-height-default elementor-section-height-default\" data-id=\"59a21070\" data-element_type=\"section\" data-e-type=\"section\">\n\t\t\t\t\t\t<div class=\"elementor-container elementor-column-gap-no\">\n\t\t\t\t\t<div class=\"elementor-column elementor-col-33 elementor-inner-column elementor-element elementor-element-1d910cf5 elementor-invisible\" data-id=\"1d910cf5\" data-element_type=\"column\" data-e-type=\"column\" data-settings=\"{&quot;background_background&quot;:&quot;classic&quot;,&quot;animation&quot;:&quot;fadeInUp&quot;,&quot;animation_delay&quot;:400}\">\n\t\t\t<div class=\"elementor-widget-wrap elementor-element-populated\">\n\t\t\t\t\t<div class=\"elementor-background-overlay\"><\/div>\n\t\t\t\t\t\t<div class=\"elementor-element elementor-element-4559931b elementor-widget elementor-widget-image\" data-id=\"4559931b\" data-element_type=\"widget\" data-e-type=\"widget\" data-widget_type=\"image.default\">\n\t\t\t\t\t\t\t\t\t\t\t\t\t\t\t<img decoding=\"async\" width=\"1195\" height=\"896\" src=\"https:\/\/oululines.blueflamestories.com\/wp-content\/uploads\/2026\/04\/Oulu-Lines-\u2013-Casandra-auringonlaskussa.jpeg\" class=\"attachment-full size-full wp-image-2082\" alt=\"Oulu Lines \u2013 Casandra auringonlaskussa\" srcset=\"https:\/\/oululines.blueflamestories.com\/wp-content\/uploads\/2026\/04\/Oulu-Lines-\u2013-Casandra-auringonlaskussa.jpeg 1195w, https:\/\/oululines.blueflamestories.com\/wp-content\/uploads\/2026\/04\/Oulu-Lines-\u2013-Casandra-auringonlaskussa-300x225.jpeg 300w, https:\/\/oululines.blueflamestories.com\/wp-content\/uploads\/2026\/04\/Oulu-Lines-\u2013-Casandra-auringonlaskussa-1024x768.jpeg 1024w, https:\/\/oululines.blueflamestories.com\/wp-content\/uploads\/2026\/04\/Oulu-Lines-\u2013-Casandra-auringonlaskussa-768x576.jpeg 768w, https:\/\/oululines.blueflamestories.com\/wp-content\/uploads\/2026\/04\/Oulu-Lines-\u2013-Casandra-auringonlaskussa-16x12.jpeg 16w, https:\/\/oululines.blueflamestories.com\/wp-content\/uploads\/2026\/04\/Oulu-Lines-\u2013-Casandra-auringonlaskussa-600x450.jpeg 600w\" sizes=\"(max-width: 1195px) 100vw, 1195px\" \/>\t\t\t\t\t\t\t\t\t\t\t\t\t\t\t<\/div>\n\t\t\t\t<div class=\"elementor-element elementor-element-137d2ef0 elementor-widget elementor-widget-heading\" data-id=\"137d2ef0\" data-element_type=\"widget\" data-e-type=\"widget\" data-widget_type=\"heading.default\">\n\t\t\t\t\t<h5 class=\"elementor-heading-title elementor-size-default\">M\/S Casandra<\/h5>\t\t\t\t<\/div>\n\t\t\t\t<div class=\"elementor-element elementor-element-92bf1d0 elementor-align-center elementor-widget elementor-widget-button\" data-id=\"92bf1d0\" data-element_type=\"widget\" data-e-type=\"widget\" data-widget_type=\"button.default\">\n\t\t\t\t\t\t\t\t\t\t<a class=\"elementor-button elementor-button-link elementor-size-sm\" href=\"https:\/\/oululines.blueflamestories.com\/en\/alukset\/ms-alexandra\/\">\n\t\t\t\t\t\t<span class=\"elementor-button-content-wrapper\">\n\t\t\t\t\t\t\t\t\t<span class=\"elementor-button-text\">Tutustu<\/span>\n\t\t\t\t\t<\/span>\n\t\t\t\t\t<\/a>\n\t\t\t\t\t\t\t\t<\/div>\n\t\t\t\t\t<\/div>\n\t\t<\/div>\n\t\t\t\t<div class=\"elementor-column elementor-col-33 elementor-inner-column elementor-element elementor-element-6eece6fb elementor-invisible\" data-id=\"6eece6fb\" data-element_type=\"column\" data-e-type=\"column\" data-settings=\"{&quot;background_background&quot;:&quot;classic&quot;,&quot;animation&quot;:&quot;fadeInDown&quot;,&quot;animation_delay&quot;:500}\">\n\t\t\t<div class=\"elementor-widget-wrap elementor-element-populated\">\n\t\t\t\t\t\t<div class=\"elementor-element elementor-element-7e233ce6 elementor-widget elementor-widget-image\" data-id=\"7e233ce6\" data-element_type=\"widget\" data-e-type=\"widget\" data-widget_type=\"image.default\">\n\t\t\t\t\t\t\t\t\t\t\t\t\t\t\t<img decoding=\"async\" width=\"768\" height=\"576\" src=\"https:\/\/oululines.blueflamestories.com\/wp-content\/uploads\/2026\/04\/Oulu-Lines-\u2013-Alexandra_torilla.jpg\" class=\"attachment-full size-full wp-image-1716\" alt=\"\" srcset=\"https:\/\/oululines.blueflamestories.com\/wp-content\/uploads\/2026\/04\/Oulu-Lines-\u2013-Alexandra_torilla.jpg 768w, https:\/\/oululines.blueflamestories.com\/wp-content\/uploads\/2026\/04\/Oulu-Lines-\u2013-Alexandra_torilla-300x225.jpg 300w, https:\/\/oululines.blueflamestories.com\/wp-content\/uploads\/2026\/04\/Oulu-Lines-\u2013-Alexandra_torilla-16x12.jpg 16w, https:\/\/oululines.blueflamestories.com\/wp-content\/uploads\/2026\/04\/Oulu-Lines-\u2013-Alexandra_torilla-600x450.jpg 600w\" sizes=\"(max-width: 768px) 100vw, 768px\" \/>\t\t\t\t\t\t\t\t\t\t\t\t\t\t\t<\/div>\n\t\t\t\t<div class=\"elementor-element elementor-element-1df2ca93 elementor-widget elementor-widget-heading\" data-id=\"1df2ca93\" data-element_type=\"widget\" data-e-type=\"widget\" data-widget_type=\"heading.default\">\n\t\t\t\t\t<h5 class=\"elementor-heading-title elementor-size-default\">M\/S Alexandra<\/h5>\t\t\t\t<\/div>\n\t\t\t\t<div class=\"elementor-element elementor-element-1e544f0 elementor-align-center elementor-widget elementor-widget-button\" data-id=\"1e544f0\" data-element_type=\"widget\" data-e-type=\"widget\" data-widget_type=\"button.default\">\n\t\t\t\t\t\t\t\t\t\t<a class=\"elementor-button elementor-button-link elementor-size-sm\" href=\"https:\/\/oululines.blueflamestories.com\/en\/alukset\/ms-casandra\/\">\n\t\t\t\t\t\t<span class=\"elementor-button-content-wrapper\">\n\t\t\t\t\t\t\t\t\t<span class=\"elementor-button-text\">Tutustu<\/span>\n\t\t\t\t\t<\/span>\n\t\t\t\t\t<\/a>\n\t\t\t\t\t\t\t\t<\/div>\n\t\t\t\t\t<\/div>\n\t\t<\/div>\n\t\t\t\t<div class=\"elementor-column elementor-col-33 elementor-inner-column elementor-element elementor-element-ca68e18 elementor-invisible\" data-id=\"ca68e18\" data-element_type=\"column\" data-e-type=\"column\" data-settings=\"{&quot;background_background&quot;:&quot;classic&quot;,&quot;animation&quot;:&quot;fadeInUp&quot;,&quot;animation_delay&quot;:&quot;600&quot;}\">\n\t\t\t<div class=\"elementor-widget-wrap elementor-element-populated\">\n\t\t\t\t\t\t<div class=\"elementor-element elementor-element-7fa8174 elementor-widget elementor-widget-image\" data-id=\"7fa8174\" data-element_type=\"widget\" data-e-type=\"widget\" data-widget_type=\"image.default\">\n\t\t\t\t\t\t\t\t\t\t\t\t\t\t\t<img loading=\"lazy\" decoding=\"async\" width=\"654\" height=\"491\" src=\"https:\/\/oululines.blueflamestories.com\/wp-content\/uploads\/2026\/04\/Oulu-Lines-\u2013-Angelina-Vartossa-4x3-1.jpg\" class=\"attachment-full size-full wp-image-2145\" alt=\"\" srcset=\"https:\/\/oululines.blueflamestories.com\/wp-content\/uploads\/2026\/04\/Oulu-Lines-\u2013-Angelina-Vartossa-4x3-1.jpg 654w, https:\/\/oululines.blueflamestories.com\/wp-content\/uploads\/2026\/04\/Oulu-Lines-\u2013-Angelina-Vartossa-4x3-1-300x225.jpg 300w, https:\/\/oululines.blueflamestories.com\/wp-content\/uploads\/2026\/04\/Oulu-Lines-\u2013-Angelina-Vartossa-4x3-1-16x12.jpg 16w, https:\/\/oululines.blueflamestories.com\/wp-content\/uploads\/2026\/04\/Oulu-Lines-\u2013-Angelina-Vartossa-4x3-1-600x450.jpg 600w\" sizes=\"(max-width: 654px) 100vw, 654px\" \/>\t\t\t\t\t\t\t\t\t\t\t\t\t\t\t<\/div>\n\t\t\t\t<div class=\"elementor-element elementor-element-f2c7a78 elementor-widget elementor-widget-heading\" data-id=\"f2c7a78\" data-element_type=\"widget\" data-e-type=\"widget\" data-widget_type=\"heading.default\">\n\t\t\t\t\t<h5 class=\"elementor-heading-title elementor-size-default\">M\/S Angelina<\/h5>\t\t\t\t<\/div>\n\t\t\t\t<div class=\"elementor-element elementor-element-047db9e elementor-align-center elementor-widget elementor-widget-button\" data-id=\"047db9e\" data-element_type=\"widget\" data-e-type=\"widget\" data-widget_type=\"button.default\">\n\t\t\t\t\t\t\t\t\t\t<a class=\"elementor-button elementor-button-link elementor-size-sm\" href=\"https:\/\/oululines.blueflamestories.com\/en\/alukset\/ms-angelina\/\">\n\t\t\t\t\t\t<span class=\"elementor-button-content-wrapper\">\n\t\t\t\t\t\t\t\t\t<span class=\"elementor-button-text\">Tutustu<\/span>\n\t\t\t\t\t<\/span>\n\t\t\t\t\t<\/a>\n\t\t\t\t\t\t\t\t<\/div>\n\t\t\t\t\t<\/div>\n\t\t<\/div>\n\t\t\t\t\t<\/div>\n\t\t<\/section>\n\t\t\t\t\t<\/div>\n\t\t<\/div>\n\t\t\t\t\t<\/div>\n\t\t<\/section>\n\t\t\t\t<\/div>","protected":false},"excerpt":{"rendered":"<p>Risteilyt Tarjoamme\u00a0yleis\u00f6risteilyj\u00e4 p\u00e4iv\u00e4ll\u00e4 ja illalla sek\u00e4 tilausristeilyj\u00e4. Paikkasi yleis\u00f6risteilylle voit ostaa varaussivultamme varauskalenterista. Aluksemme tarjoavat erinomaiset puitteet onnistuneelle risteilylle. Laivalla on monipuoliset ruokailumahdollisuudet iltaristeilyill\u00e4, ja drinkkibaari palvelee koko matkan ajan. Kun musiikki kutsuu, voit suunnata tanssilattialle. P\u00e4iv\u00e4risteilyill\u00e4 nautitaan puolestaan kauniista merimaisemista virvokkeiden, kahvin tai vaikkapa j\u00e4\u00e4tel\u00f6annosten kera. Raikkaasta meri-ilmasta voi nauttia osittain katetulla aurinkokannella. Tule [&hellip;]<\/p>\n","protected":false},"author":1,"featured_media":0,"parent":0,"menu_order":0,"comment_status":"closed","ping_status":"closed","template":"","meta":{"footnotes":""},"class_list":["post-356","page","type-page","status-publish","hentry"],"jetpack_sharing_enabled":true,"_links":{"self":[{"href":"https:\/\/oululines.blueflamestories.com\/en\/wp-json\/wp\/v2\/pages\/356","targetHints":{"allow":["GET"]}}],"collection":[{"href":"https:\/\/oululines.blueflamestories.com\/en\/wp-json\/wp\/v2\/pages"}],"about":[{"href":"https:\/\/oululines.blueflamestories.com\/en\/wp-json\/wp\/v2\/types\/page"}],"author":[{"embeddable":true,"href":"https:\/\/oululines.blueflamestories.com\/en\/wp-json\/wp\/v2\/users\/1"}],"replies":[{"embeddable":true,"href":"https:\/\/oululines.blueflamestories.com\/en\/wp-json\/wp\/v2\/comments?post=356"}],"version-history":[{"count":334,"href":"https:\/\/oululines.blueflamestories.com\/en\/wp-json\/wp\/v2\/pages\/356\/revisions"}],"predecessor-version":[{"id":2416,"href":"https:\/\/oululines.blueflamestories.com\/en\/wp-json\/wp\/v2\/pages\/356\/revisions\/2416"}],"wp:attachment":[{"href":"https:\/\/oululines.blueflamestories.com\/en\/wp-json\/wp\/v2\/media?parent=356"}],"curies":[{"name":"wp","href":"https:\/\/api.w.org\/{rel}","templated":true}]}}