{"id":3,"date":"2026-01-11T22:55:14","date_gmt":"2026-01-11T20:55:14","guid":{"rendered":"http:\/\/oululines.blueflamestories.com\/?page_id=3"},"modified":"2026-04-14T15:03:52","modified_gmt":"2026-04-14T12:03:52","slug":"tietosuojaseloste-2","status":"publish","type":"page","link":"https:\/\/oululines.blueflamestories.com\/en\/tietosuojaseloste-2\/","title":{"rendered":"Tietosuojaseloste"},"content":{"rendered":"<div data-elementor-type=\"wp-page\" data-elementor-id=\"3\" class=\"elementor elementor-3\" data-elementor-post-type=\"page\">\n\t\t\t\t<div class=\"elementor-element elementor-element-5ea6fe00 e-flex e-con-boxed e-con e-parent\" data-id=\"5ea6fe00\" data-element_type=\"container\" data-e-type=\"container\">\n\t\t\t\t\t<div class=\"e-con-inner\">\n\t\t\t\t<div class=\"elementor-element elementor-element-3e1f18f elementor-widget elementor-widget-heading\" data-id=\"3e1f18f\" data-element_type=\"widget\" data-e-type=\"widget\" data-widget_type=\"heading.default\">\n\t\t\t\t\t<h1 class=\"elementor-heading-title elementor-size-default\">Rekisteri- ja tietosuojaseloste<\/h1>\t\t\t\t<\/div>\n\t\t\t\t<div class=\"elementor-element elementor-element-e105fe6 elementor-widget elementor-widget-text-editor\" data-id=\"e105fe6\" data-element_type=\"widget\" data-e-type=\"widget\" data-widget_type=\"text-editor.default\">\n\t\t\t\t\t\t\t\t\t\n<p><strong>1. Rekisterinpit\u00e4j\u00e4<\/strong><\/p>\n<p>Oulu Lines Oy<\/p>\n<p>\u00a0<\/p>\n<p><strong>2. Rekisterin nimi<\/strong><\/p>\n<p>Oulu Lines Oy:n asiakasrekisteri ja verkkopalveluiden k\u00e4ytt\u00e4j\u00e4rekisteri.<\/p>\n<p>\u00a0<\/p>\n<p><strong>3. Henkil\u00f6tietojen k\u00e4sittelyn tarkoitus ja oikeusperuste<\/strong><\/p>\n<p>Henkil\u00f6tietoja k\u00e4sitell\u00e4\u00e4n seuraaviin tarkoituksiin:<\/p>\n<p>\u2013 asiakassuhteiden hoitaminen, asiakaspalvelu ja viestint\u00e4<br \/>\u2013 risteilytilausten ja varausten k\u00e4sittely ja toimittaminen<br \/>\u2013 laskutus ja maksujen hallinta<br \/>\u2013 verkkopalveluiden k\u00e4ytt\u00e4misen mahdollistaminen ja kehitt\u00e4minen<br \/>\u2013 lakis\u00e4\u00e4teisten velvoitteiden t\u00e4ytt\u00e4minen<\/p>\n<p>K\u00e4sittelyn oikeusperuste (GDPR 6 artikla):<br \/>Sopimuksen t\u00e4yt\u00e4nt\u00f6\u00f6npano: tilauksen ja palvelun toimittaminen asiakkaalle<br \/>Rekisterinpit\u00e4j\u00e4n oikeutettu etu: asiakassuhteen yll\u00e4pito ja palvelun kehitt\u00e4minen<br \/>Lakis\u00e4\u00e4teinen velvoite: kirjanpito- ja muut lakis\u00e4\u00e4teiset vaatimukset<br \/>Suostumus: s\u00e4hk\u00f6inen suoramarkkinointi (tarvittaessa erikseen ker\u00e4ttyn\u00e4)<\/p>\n<p>\u00a0<\/p>\n<p><strong>4. Rekisterin tietosis\u00e4lt\u00f6<\/strong><\/p>\n<p>4.1 Asiakastiedot<br \/>Nimi ja yhteystiedot (osoite, s\u00e4hk\u00f6postiosoite, puhelinnumero)<br \/>Tilaus- ja ostohistoria (tilatut risteilyt, varaukset, ajankohat)<br \/>Laskutustiedot<br \/>Asiakaspalveluun liittyv\u00e4 viestint\u00e4<\/p>\n<p>4.2 Verkkosivujen k\u00e4ytt\u00e4j\u00e4tiedot (ev\u00e4steet ja analytiikka)<br \/>IP-osoite (anonymisoitu)<br \/>Selain- ja laitetiedot<br \/>Sivustolla vierailtujen sivujen tiedot ja k\u00e4ytt\u00e4ytymisdata<br \/>Istunnon kesto ja sivulataustiedot<br \/>Verkkosivuston analytiikka toteutetaan Google Analytics -palvelulla. Google Analytics ker\u00e4\u00e4 tietoja ev\u00e4steiden avulla. Lis\u00e4tietoja Googlen tietosuojak\u00e4yt\u00e4nn\u00f6ist\u00e4: <a href=\"https:\/\/policies.google.com\/privacy\" target=\"_blank\" rel=\"noopener\">https:\/\/policies.google.com\/privacy<\/a><\/p>\n<p>\u00a0<\/p>\n<p><strong>5. S\u00e4\u00e4nn\u00f6nmukaiset tietol\u00e4hteet<\/strong><\/p>\n<p>Henkil\u00f6tiedot ker\u00e4t\u00e4\u00e4n ensisijaisesti rekister\u00f6idylt\u00e4 itselt\u00e4\u00e4n seuraavissa yhteyksiss\u00e4:<br \/>Tilauksen tai varauksen tekeminen verkkosivujen kautta tai muulla tavoin<br \/>Asiakaspalveluyhteydenotot (s\u00e4hk\u00f6posti, puhelin)<br \/>Verkkosivujen k\u00e4ytt\u00f6 (ev\u00e4steet, analytiikka)<\/p>\n<p>\u00a0<\/p>\n<p><strong>6. Tietojen s\u00e4\u00e4nn\u00f6nmukainen luovuttaminen ja siirto kolmansille osapuolille<\/strong><\/p>\n<p>Oulu Lines Oy ei myy tai luovuta henkil\u00f6tietoja ulkopuolisille markkinointitarkoituksiin. Tietoja voidaan luovuttaa seuraavissa tapauksissa:<br \/>Maksupalveluntarjoajille tilausten ja maksujen k\u00e4sittelyyn<br \/>IT-j\u00e4rjestelmien yll\u00e4pit\u00e4jille teknisten palveluiden toteuttamiseksi (k\u00e4sittelysopimus laadittu)<br \/>Google LLC:lle (Google Analytics) \u2013 tietoja voidaan siirt\u00e4\u00e4 EU:n\/ETA:n ulkopuolelle. Google on sitoutunut EU:n tietosuojavaatimusten noudattamiseen (Standard Contractual Clauses)<br \/>Viranomaisille lakis\u00e4\u00e4teisen velvoitteen nojalla<\/p>\n<p>\u00a0<\/p>\n<p><strong>7. Tietojen siirto EU:n ja ETA-alueen ulkopuolelle<br \/><br \/><\/strong>Google Analyticsin k\u00e4yt\u00f6n yhteydess\u00e4 tietoja voidaan siirt\u00e4\u00e4 Yhdysvaltoihin. Siirto perustuu Euroopan komission hyv\u00e4ksymiin vakiosopimuslausekkeisiin (Standard Contractual Clauses, SCC). Rekisterinpit\u00e4j\u00e4 varmistaa riitt\u00e4v\u00e4n suojan tason ennen tietojen siirt\u00e4mist\u00e4 kolmansiin maihin.<\/p>\n<p>\u00a0<\/p>\n<p><strong>8. Henkil\u00f6tietojen s\u00e4ilytysaika<\/strong><\/p>\n<p>\u00a0<\/p>\n<p><strong>9. Rekister\u00f6idyn oikeudet<\/strong><\/p>\n<p>Rekister\u00f6idyll\u00e4 on GDPR:n mukaiset seuraavat oikeudet:<\/p>\n<p>9.1 Tarkastusoikeus<br \/>Rekister\u00f6idyll\u00e4 on oikeus tarkastaa, mit\u00e4 h\u00e4nt\u00e4 koskevia tietoja rekisteriss\u00e4 on tallennettu.<\/p>\n<p>9.2 Oikeus tietojen oikaisemiseen<br \/>Rekister\u00f6idyll\u00e4 on oikeus pyyt\u00e4\u00e4 virheellisten tai puutteellisten tietojensa korjaamista.<\/p>\n<p>9.3 Oikeus tietojen poistamiseen<br \/>Rekister\u00f6idyll\u00e4 on oikeus pyyt\u00e4\u00e4 tietojensa poistamista, kun k\u00e4sittelylle ei en\u00e4\u00e4 ole perustetta.<\/p>\n<p>9.4 Oikeus k\u00e4sittelyn rajoittamiseen<br \/>Rekister\u00f6idyll\u00e4 on oikeus pyyt\u00e4\u00e4 henkil\u00f6tietojensa k\u00e4sittelyn rajoittamista tietyiss\u00e4 tilanteissa.<\/p>\n<p>9.5 Oikeus siirt\u00e4\u00e4 tiedot j\u00e4rjestelm\u00e4st\u00e4 toiseen<br \/>Rekister\u00f6idyll\u00e4 on oikeus saada toimittamansa tiedot koneluettavassa muodossa.<\/p>\n<p>9.6 Vastustamisoikeus<br \/>Rekister\u00f6idyll\u00e4 on oikeus vastustaa tietojensa k\u00e4sittely\u00e4 oikeutetun edun perusteella.<\/p>\n<p>9.7 Suostumuksen peruuttaminen<br \/>Mik\u00e4li k\u00e4sittely perustuu suostumukseen, rekister\u00f6idyll\u00e4 on oikeus peruuttaa suostumuksensa milloin tahansa.<br \/>Oikeuksien k\u00e4ytt\u00e4miseksi ota yhteytt\u00e4: <a href=\"mailto:toimisto@oululines.fi\">toimisto@oululines.fi<\/a><\/p>\n<p>\u00a0<\/p>\n<p><strong>10. Oikeus tehd\u00e4 valitus valvontaviranomaiselle<\/strong><\/p>\n<p>Rekister\u00f6idyll\u00e4 on oikeus tehd\u00e4 valitus tietosuojavaltuutetulle, mik\u00e4li h\u00e4n katsoo, ett\u00e4 h\u00e4nen henkil\u00f6tietojaan on k\u00e4sitelty tietosuojalains\u00e4\u00e4d\u00e4nn\u00f6n vastaisesti.<br \/>Tietosuojavaltuutetun toimisto<br \/>PL 800, 00531 Helsinki<br \/><a href=\"mailto:tietosuoja@om.fi\">tietosuoja@om.fi<\/a> | <a href=\"https:\/\/www.tietosuoja.fi\" target=\"_blank\" rel=\"noopener\">www.tietosuoja.fi<\/a><\/p>\n<p><strong>11. Ev\u00e4steet (Cookies)<\/strong><\/p>\n<p>Verkkosivustomme k\u00e4ytt\u00e4\u00e4 ev\u00e4steit\u00e4 palvelun toiminnan, k\u00e4ytett\u00e4vyyden ja analytiikan toteuttamiseksi. Ensimm\u00e4isell\u00e4 vierailullasi sivustolle sinulta pyydet\u00e4\u00e4n suostumus ev\u00e4steiden k\u00e4ytt\u00f6\u00f6n.<br \/>V\u00e4ltt\u00e4m\u00e4tt\u00f6m\u00e4t ev\u00e4steet<br \/>Sivuston teknisen toiminnan kannalta v\u00e4ltt\u00e4m\u00e4tt\u00f6m\u00e4t ev\u00e4steet. Ei edellyt\u00e4 suostumusta.<br \/>Analytiikkaev\u00e4steet (Google Analytics)<br \/>K\u00e4yt\u00e4mme Google Analytics -palvelua verkkosivuston k\u00e4vij\u00e4liikenteen analysointiin. Analytiikkaev\u00e4steiden k\u00e4ytt\u00f6 edellytt\u00e4\u00e4 suostumustasi. Voit kielt\u00e4yty\u00e4 analytiikkaev\u00e4steist\u00e4 ev\u00e4steasetuksista.<br \/>Ev\u00e4steasetuksiasi voit hallita selaimesi asetuksista tai sivustomme ev\u00e4stehallinnasta.<\/p>\n<p>\u00a0<\/p>\n<p><strong>12. Rekisterin suojauksen periaatteet<\/strong><\/p>\n<p>Henkil\u00f6tietoja k\u00e4sitell\u00e4\u00e4n luottamuksellisesti. Rekisterin suojauksessa noudatetaan seuraavia periaatteita:<br \/>Tietoihin p\u00e4\u00e4sy on rajattu vain niille henkil\u00f6ille, joiden teht\u00e4vien hoitaminen sit\u00e4 edellytt\u00e4\u00e4<br \/>Tietoj\u00e4rjestelm\u00e4t on suojattu k\u00e4ytt\u00e4j\u00e4tunnuksin ja salasanoin<br \/>Tietoliikenne suojataan SSL\/TLS-salauksella<br \/>Henkil\u00f6tietojen k\u00e4sittelij\u00f6iden kanssa on laadittu asianmukaiset sopimukset<br \/>Tietoja ei s\u00e4ilytet\u00e4 tarpeettoman pitk\u00e4\u00e4n<\/p>\n<p>\u00a0<\/p>\n<p><strong>13. Muutokset tietosuojaselosteeseen<\/strong><\/p>\n<p>Oulu Lines Oy pid\u00e4tt\u00e4\u00e4 oikeuden muuttaa t\u00e4t\u00e4 tietosuojaselostetta tarvittaessa. Muutokset julkaistaan verkkosivustollamme. Suosittelemme tutustumaan selosteeseen s\u00e4\u00e4nn\u00f6llisesti.<\/p>\n<p>Seloste on laadittu 13.4.2026.<\/p>\n<p>Rekisterinpit\u00e4j\u00e4: Oulu Lines Oy, Y-tunnus 1077549-1.<\/p>\t\t\t\t\t\t\t\t<\/div>\n\t\t\t\t\t<\/div>\n\t\t\t\t<\/div>\n\t\t\t\t<\/div>","protected":false},"excerpt":{"rendered":"<p>Rekisteri- ja tietosuojaseloste 1. Rekisterinpit\u00e4j\u00e4 Oulu Lines Oy \u00a0 2. Rekisterin nimi Oulu Lines Oy:n asiakasrekisteri ja verkkopalveluiden k\u00e4ytt\u00e4j\u00e4rekisteri. \u00a0 3. Henkil\u00f6tietojen k\u00e4sittelyn tarkoitus ja oikeusperuste Henkil\u00f6tietoja k\u00e4sitell\u00e4\u00e4n seuraaviin tarkoituksiin: \u2013 asiakassuhteiden hoitaminen, asiakaspalvelu ja viestint\u00e4\u2013 risteilytilausten ja varausten k\u00e4sittely ja toimittaminen\u2013 laskutus ja maksujen hallinta\u2013 verkkopalveluiden k\u00e4ytt\u00e4misen mahdollistaminen ja kehitt\u00e4minen\u2013 lakis\u00e4\u00e4teisten velvoitteiden t\u00e4ytt\u00e4minen K\u00e4sittelyn [&hellip;]<\/p>\n","protected":false},"author":1,"featured_media":0,"parent":0,"menu_order":0,"comment_status":"closed","ping_status":"closed","template":"","meta":{"footnotes":""},"class_list":["post-3","page","type-page","status-publish","hentry"],"jetpack_sharing_enabled":true,"_links":{"self":[{"href":"https:\/\/oululines.blueflamestories.com\/en\/wp-json\/wp\/v2\/pages\/3","targetHints":{"allow":["GET"]}}],"collection":[{"href":"https:\/\/oululines.blueflamestories.com\/en\/wp-json\/wp\/v2\/pages"}],"about":[{"href":"https:\/\/oululines.blueflamestories.com\/en\/wp-json\/wp\/v2\/types\/page"}],"author":[{"embeddable":true,"href":"https:\/\/oululines.blueflamestories.com\/en\/wp-json\/wp\/v2\/users\/1"}],"replies":[{"embeddable":true,"href":"https:\/\/oululines.blueflamestories.com\/en\/wp-json\/wp\/v2\/comments?post=3"}],"version-history":[{"count":20,"href":"https:\/\/oululines.blueflamestories.com\/en\/wp-json\/wp\/v2\/pages\/3\/revisions"}],"predecessor-version":[{"id":1761,"href":"https:\/\/oululines.blueflamestories.com\/en\/wp-json\/wp\/v2\/pages\/3\/revisions\/1761"}],"wp:attachment":[{"href":"https:\/\/oululines.blueflamestories.com\/en\/wp-json\/wp\/v2\/media?parent=3"}],"curies":[{"name":"wp","href":"https:\/\/api.w.org\/{rel}","templated":true}]}}