{"id":184,"date":"2026-01-15T23:20:29","date_gmt":"2026-01-15T21:20:29","guid":{"rendered":"http:\/\/oululines.blueflamestories.com\/?page_id=184"},"modified":"2026-04-17T17:31:00","modified_gmt":"2026-04-17T14:31:00","slug":"alukset","status":"publish","type":"page","link":"https:\/\/oululines.blueflamestories.com\/en\/alukset\/","title":{"rendered":"Alukset"},"content":{"rendered":"<div data-elementor-type=\"wp-page\" data-elementor-id=\"184\" class=\"elementor elementor-184\" data-elementor-post-type=\"page\">\n\t\t\t\t\t\t<section class=\"elementor-section elementor-top-section elementor-element elementor-element-7a79065c elementor-section-height-min-height elementor-section-boxed elementor-section-height-default elementor-section-items-middle\" data-id=\"7a79065c\" data-element_type=\"section\" data-e-type=\"section\" data-settings=\"{&quot;background_background&quot;:&quot;classic&quot;}\">\n\t\t\t\t\t\t\t<div class=\"elementor-background-overlay\"><\/div>\n\t\t\t\t\t\t\t<div class=\"elementor-container elementor-column-gap-no\">\n\t\t\t\t\t<div class=\"elementor-column elementor-col-100 elementor-top-column elementor-element elementor-element-5cb76126 elementor-hidden-tablet elementor-hidden-mobile\" data-id=\"5cb76126\" data-element_type=\"column\" data-e-type=\"column\">\n\t\t\t<div class=\"elementor-widget-wrap\">\n\t\t\t\t\t\t\t<\/div>\n\t\t<\/div>\n\t\t\t\t\t<\/div>\n\t\t<\/section>\n\t\t\t\t<section class=\"elementor-section elementor-top-section elementor-element elementor-element-f098463 elementor-section-boxed elementor-section-height-default elementor-section-height-default\" data-id=\"f098463\" data-element_type=\"section\" data-e-type=\"section\">\n\t\t\t\t\t\t<div class=\"elementor-container elementor-column-gap-no\">\n\t\t\t\t\t<div class=\"elementor-column elementor-col-100 elementor-top-column elementor-element elementor-element-1cf21518\" data-id=\"1cf21518\" data-element_type=\"column\" data-e-type=\"column\">\n\t\t\t<div class=\"elementor-widget-wrap elementor-element-populated\">\n\t\t\t\t<div class=\"elementor-element elementor-element-8a590c8 e-flex e-con-boxed e-con e-parent\" data-id=\"8a590c8\" data-element_type=\"container\" data-e-type=\"container\">\n\t\t\t\t\t<div class=\"e-con-inner\">\n\t\t\t\t<div class=\"elementor-element elementor-element-2227c94 elementor-invisible elementor-widget elementor-widget-heading\" data-id=\"2227c94\" data-element_type=\"widget\" data-e-type=\"widget\" data-settings=\"{&quot;_animation&quot;:&quot;fadeInUp&quot;,&quot;_animation_delay&quot;:&quot;500&quot;}\" data-widget_type=\"heading.default\">\n\t\t\t\t\t<h1 class=\"elementor-heading-title elementor-size-default\">Tutustu laivoihimme<\/h1>\t\t\t\t<\/div>\n\t\t\t\t<div class=\"elementor-element elementor-element-be8dc3b elementor-invisible elementor-widget elementor-widget-text-editor\" data-id=\"be8dc3b\" data-element_type=\"widget\" data-e-type=\"widget\" data-settings=\"{&quot;_animation&quot;:&quot;fadeInUp&quot;,&quot;_animation_delay&quot;:500}\" data-widget_type=\"text-editor.default\">\n\t\t\t\t\t\t\t\t\t<p><strong>Ensiluokkaiset risteilyalukset vaativimpiinkin tilaisuuksiin<\/strong><\/p><p>Tyylik\u00e4s ja korkeatasoinen sisustus tilavine istuinloosheineen tarjoaa puitteet onnistuneelle risteilylle. Laivoillamme on hyv\u00e4t ruokailumahdollisuudet. Kun jano yll\u00e4tt\u00e4\u00e4, drinkkibaari palvelee. Kun tanssittaa, on parketti k\u00e4yt\u00f6ss\u00e4si. Raikkaasta meri-ilman tuulahduksesta voi nauttia aurinkokannella.<\/p><p>Tutustutaan yhdess\u00e4 Oulun merimaisemiin!<\/p>\t\t\t\t\t\t\t\t<\/div>\n\t\t\t\t\t<\/div>\n\t\t\t\t<\/div>\n\t\t\t\t<div class=\"elementor-element elementor-element-22e6a8f5 elementor-invisible elementor-widget elementor-widget-heading\" data-id=\"22e6a8f5\" data-element_type=\"widget\" data-e-type=\"widget\" data-settings=\"{&quot;_animation&quot;:&quot;fadeInUp&quot;,&quot;_animation_delay&quot;:&quot;500&quot;}\" data-widget_type=\"heading.default\">\n\t\t\t\t\t<h4 class=\"elementor-heading-title elementor-size-default\">Alukset<\/h4>\t\t\t\t<\/div>\n\t\t\t\t<section class=\"elementor-section elementor-inner-section elementor-element elementor-element-7abed284 elementor-section-full_width elementor-section-height-default elementor-section-height-default\" data-id=\"7abed284\" data-element_type=\"section\" data-e-type=\"section\">\n\t\t\t\t\t\t<div class=\"elementor-container elementor-column-gap-no\">\n\t\t\t\t\t<div class=\"elementor-column elementor-col-33 elementor-inner-column elementor-element elementor-element-51873043 elementor-invisible\" data-id=\"51873043\" data-element_type=\"column\" data-e-type=\"column\" data-settings=\"{&quot;background_background&quot;:&quot;classic&quot;,&quot;animation&quot;:&quot;fadeInUp&quot;,&quot;animation_delay&quot;:400}\">\n\t\t\t<div class=\"elementor-widget-wrap elementor-element-populated\">\n\t\t\t\t\t<div class=\"elementor-background-overlay\"><\/div>\n\t\t\t\t\t\t<div class=\"elementor-element elementor-element-2ded68f elementor-widget elementor-widget-image\" data-id=\"2ded68f\" data-element_type=\"widget\" data-e-type=\"widget\" data-widget_type=\"image.default\">\n\t\t\t\t\t\t\t\t\t\t\t\t\t\t\t<img fetchpriority=\"high\" decoding=\"async\" width=\"1195\" height=\"896\" src=\"https:\/\/oululines.blueflamestories.com\/wp-content\/uploads\/2026\/04\/Oulu-Lines-\u2013-Casandra-auringonlaskussa.jpeg\" class=\"attachment-full size-full wp-image-2082\" alt=\"Oulu Lines \u2013 Casandra auringonlaskussa\" srcset=\"https:\/\/oululines.blueflamestories.com\/wp-content\/uploads\/2026\/04\/Oulu-Lines-\u2013-Casandra-auringonlaskussa.jpeg 1195w, https:\/\/oululines.blueflamestories.com\/wp-content\/uploads\/2026\/04\/Oulu-Lines-\u2013-Casandra-auringonlaskussa-300x225.jpeg 300w, https:\/\/oululines.blueflamestories.com\/wp-content\/uploads\/2026\/04\/Oulu-Lines-\u2013-Casandra-auringonlaskussa-1024x768.jpeg 1024w, https:\/\/oululines.blueflamestories.com\/wp-content\/uploads\/2026\/04\/Oulu-Lines-\u2013-Casandra-auringonlaskussa-768x576.jpeg 768w, https:\/\/oululines.blueflamestories.com\/wp-content\/uploads\/2026\/04\/Oulu-Lines-\u2013-Casandra-auringonlaskussa-16x12.jpeg 16w, https:\/\/oululines.blueflamestories.com\/wp-content\/uploads\/2026\/04\/Oulu-Lines-\u2013-Casandra-auringonlaskussa-600x450.jpeg 600w\" sizes=\"(max-width: 1195px) 100vw, 1195px\" \/>\t\t\t\t\t\t\t\t\t\t\t\t\t\t\t<\/div>\n\t\t\t\t<div class=\"elementor-element elementor-element-3086f700 elementor-widget elementor-widget-heading\" data-id=\"3086f700\" data-element_type=\"widget\" data-e-type=\"widget\" data-widget_type=\"heading.default\">\n\t\t\t\t\t<h5 class=\"elementor-heading-title elementor-size-default\">M\/S Casandra<\/h5>\t\t\t\t<\/div>\n\t\t\t\t<div class=\"elementor-element elementor-element-4aebfb63 elementor-align-center elementor-widget elementor-widget-button\" data-id=\"4aebfb63\" data-element_type=\"widget\" data-e-type=\"widget\" data-widget_type=\"button.default\">\n\t\t\t\t\t\t\t\t\t\t<a class=\"elementor-button elementor-button-link elementor-size-sm\" href=\"https:\/\/oululines.blueflamestories.com\/en\/alukset\/ms-casandra\/\">\n\t\t\t\t\t\t<span class=\"elementor-button-content-wrapper\">\n\t\t\t\t\t\t\t\t\t<span class=\"elementor-button-text\">Tutustu<\/span>\n\t\t\t\t\t<\/span>\n\t\t\t\t\t<\/a>\n\t\t\t\t\t\t\t\t<\/div>\n\t\t\t\t\t<\/div>\n\t\t<\/div>\n\t\t\t\t<div class=\"elementor-column elementor-col-33 elementor-inner-column elementor-element elementor-element-3e04e6bc elementor-invisible\" data-id=\"3e04e6bc\" data-element_type=\"column\" data-e-type=\"column\" data-settings=\"{&quot;background_background&quot;:&quot;classic&quot;,&quot;animation&quot;:&quot;fadeInDown&quot;,&quot;animation_delay&quot;:500}\">\n\t\t\t<div class=\"elementor-widget-wrap elementor-element-populated\">\n\t\t\t\t\t\t<div class=\"elementor-element elementor-element-21c4eb0f elementor-widget elementor-widget-image\" data-id=\"21c4eb0f\" data-element_type=\"widget\" data-e-type=\"widget\" data-widget_type=\"image.default\">\n\t\t\t\t\t\t\t\t\t\t\t\t\t\t\t<img decoding=\"async\" width=\"768\" height=\"576\" src=\"https:\/\/oululines.blueflamestories.com\/wp-content\/uploads\/2026\/04\/Oulu-Lines-\u2013-Alexandra_torilla.jpg\" class=\"attachment-full size-full wp-image-1716\" alt=\"\" srcset=\"https:\/\/oululines.blueflamestories.com\/wp-content\/uploads\/2026\/04\/Oulu-Lines-\u2013-Alexandra_torilla.jpg 768w, https:\/\/oululines.blueflamestories.com\/wp-content\/uploads\/2026\/04\/Oulu-Lines-\u2013-Alexandra_torilla-300x225.jpg 300w, https:\/\/oululines.blueflamestories.com\/wp-content\/uploads\/2026\/04\/Oulu-Lines-\u2013-Alexandra_torilla-16x12.jpg 16w, https:\/\/oululines.blueflamestories.com\/wp-content\/uploads\/2026\/04\/Oulu-Lines-\u2013-Alexandra_torilla-600x450.jpg 600w\" sizes=\"(max-width: 768px) 100vw, 768px\" \/>\t\t\t\t\t\t\t\t\t\t\t\t\t\t\t<\/div>\n\t\t\t\t<div class=\"elementor-element elementor-element-50a8961c elementor-widget elementor-widget-heading\" data-id=\"50a8961c\" data-element_type=\"widget\" data-e-type=\"widget\" data-widget_type=\"heading.default\">\n\t\t\t\t\t<h5 class=\"elementor-heading-title elementor-size-default\">M\/S Alexandra<\/h5>\t\t\t\t<\/div>\n\t\t\t\t<div class=\"elementor-element elementor-element-3a7134dd elementor-align-center elementor-widget elementor-widget-button\" data-id=\"3a7134dd\" data-element_type=\"widget\" data-e-type=\"widget\" data-widget_type=\"button.default\">\n\t\t\t\t\t\t\t\t\t\t<a class=\"elementor-button elementor-button-link elementor-size-sm\" href=\"https:\/\/oululines.blueflamestories.com\/en\/alukset\/ms-alexandra\/\">\n\t\t\t\t\t\t<span class=\"elementor-button-content-wrapper\">\n\t\t\t\t\t\t\t\t\t<span class=\"elementor-button-text\">Tutustu<\/span>\n\t\t\t\t\t<\/span>\n\t\t\t\t\t<\/a>\n\t\t\t\t\t\t\t\t<\/div>\n\t\t\t\t\t<\/div>\n\t\t<\/div>\n\t\t\t\t<div class=\"elementor-column elementor-col-33 elementor-inner-column elementor-element elementor-element-1970cd36 elementor-invisible\" data-id=\"1970cd36\" data-element_type=\"column\" data-e-type=\"column\" data-settings=\"{&quot;background_background&quot;:&quot;classic&quot;,&quot;animation&quot;:&quot;fadeInUp&quot;,&quot;animation_delay&quot;:&quot;600&quot;}\">\n\t\t\t<div class=\"elementor-widget-wrap elementor-element-populated\">\n\t\t\t\t\t\t<div class=\"elementor-element elementor-element-62d63122 elementor-widget elementor-widget-image\" data-id=\"62d63122\" data-element_type=\"widget\" data-e-type=\"widget\" data-widget_type=\"image.default\">\n\t\t\t\t\t\t\t\t\t\t\t\t\t\t\t<img decoding=\"async\" width=\"654\" height=\"491\" src=\"https:\/\/oululines.blueflamestories.com\/wp-content\/uploads\/2026\/04\/Oulu-Lines-\u2013-Angelina-Vartossa-4x3-1.jpg\" class=\"attachment-full size-full wp-image-2145\" alt=\"\" srcset=\"https:\/\/oululines.blueflamestories.com\/wp-content\/uploads\/2026\/04\/Oulu-Lines-\u2013-Angelina-Vartossa-4x3-1.jpg 654w, https:\/\/oululines.blueflamestories.com\/wp-content\/uploads\/2026\/04\/Oulu-Lines-\u2013-Angelina-Vartossa-4x3-1-300x225.jpg 300w, https:\/\/oululines.blueflamestories.com\/wp-content\/uploads\/2026\/04\/Oulu-Lines-\u2013-Angelina-Vartossa-4x3-1-16x12.jpg 16w, https:\/\/oululines.blueflamestories.com\/wp-content\/uploads\/2026\/04\/Oulu-Lines-\u2013-Angelina-Vartossa-4x3-1-600x450.jpg 600w\" sizes=\"(max-width: 654px) 100vw, 654px\" \/>\t\t\t\t\t\t\t\t\t\t\t\t\t\t\t<\/div>\n\t\t\t\t<div class=\"elementor-element elementor-element-9c67703 elementor-widget elementor-widget-heading\" data-id=\"9c67703\" data-element_type=\"widget\" data-e-type=\"widget\" data-widget_type=\"heading.default\">\n\t\t\t\t\t<h5 class=\"elementor-heading-title elementor-size-default\">M\/S Angelina<\/h5>\t\t\t\t<\/div>\n\t\t\t\t<div class=\"elementor-element elementor-element-6ea57a85 elementor-align-center elementor-widget elementor-widget-button\" data-id=\"6ea57a85\" data-element_type=\"widget\" data-e-type=\"widget\" data-widget_type=\"button.default\">\n\t\t\t\t\t\t\t\t\t\t<a class=\"elementor-button elementor-button-link elementor-size-sm\" href=\"https:\/\/oululines.blueflamestories.com\/en\/alukset\/ms-angelina\/\">\n\t\t\t\t\t\t<span class=\"elementor-button-content-wrapper\">\n\t\t\t\t\t\t\t\t\t<span class=\"elementor-button-text\">Tutustu<\/span>\n\t\t\t\t\t<\/span>\n\t\t\t\t\t<\/a>\n\t\t\t\t\t\t\t\t<\/div>\n\t\t\t\t\t<\/div>\n\t\t<\/div>\n\t\t\t\t\t<\/div>\n\t\t<\/section>\n\t\t\t\t\t<\/div>\n\t\t<\/div>\n\t\t\t\t\t<\/div>\n\t\t<\/section>\n\t\t\t\t<\/div>","protected":false},"excerpt":{"rendered":"<p>Tutustu laivoihimme Ensiluokkaiset risteilyalukset vaativimpiinkin tilaisuuksiin Tyylik\u00e4s ja korkeatasoinen sisustus tilavine istuinloosheineen tarjoaa puitteet onnistuneelle risteilylle. Laivoillamme on hyv\u00e4t ruokailumahdollisuudet. Kun jano yll\u00e4tt\u00e4\u00e4, drinkkibaari palvelee. Kun tanssittaa, on parketti k\u00e4yt\u00f6ss\u00e4si. Raikkaasta meri-ilman tuulahduksesta voi nauttia aurinkokannella. Tutustutaan yhdess\u00e4 Oulun merimaisemiin! Alukset M\/S Casandra Tutustu M\/S Alexandra Tutustu M\/S Angelina Tutustu<\/p>","protected":false},"author":1,"featured_media":0,"parent":0,"menu_order":0,"comment_status":"closed","ping_status":"closed","template":"","meta":{"footnotes":""},"class_list":["post-184","page","type-page","status-publish","hentry"],"jetpack_sharing_enabled":true,"_links":{"self":[{"href":"https:\/\/oululines.blueflamestories.com\/en\/wp-json\/wp\/v2\/pages\/184","targetHints":{"allow":["GET"]}}],"collection":[{"href":"https:\/\/oululines.blueflamestories.com\/en\/wp-json\/wp\/v2\/pages"}],"about":[{"href":"https:\/\/oululines.blueflamestories.com\/en\/wp-json\/wp\/v2\/types\/page"}],"author":[{"embeddable":true,"href":"https:\/\/oululines.blueflamestories.com\/en\/wp-json\/wp\/v2\/users\/1"}],"replies":[{"embeddable":true,"href":"https:\/\/oululines.blueflamestories.com\/en\/wp-json\/wp\/v2\/comments?post=184"}],"version-history":[{"count":103,"href":"https:\/\/oululines.blueflamestories.com\/en\/wp-json\/wp\/v2\/pages\/184\/revisions"}],"predecessor-version":[{"id":2179,"href":"https:\/\/oululines.blueflamestories.com\/en\/wp-json\/wp\/v2\/pages\/184\/revisions\/2179"}],"wp:attachment":[{"href":"https:\/\/oululines.blueflamestories.com\/en\/wp-json\/wp\/v2\/media?parent=184"}],"curies":[{"name":"wp","href":"https:\/\/api.w.org\/{rel}","templated":true}]}}