{"id":1372,"date":"2026-01-15T23:20:29","date_gmt":"2026-01-15T21:20:29","guid":{"rendered":"https:\/\/oululines.blueflamestories.com\/?page_id=1372"},"modified":"2026-04-18T14:09:17","modified_gmt":"2026-04-18T11:09:17","slug":"angelina-2","status":"publish","type":"page","link":"https:\/\/oululines.blueflamestories.com\/en\/alukset\/angelina-2\/","title":{"rendered":"Angelina"},"content":{"rendered":"<div data-elementor-type=\"wp-page\" data-elementor-id=\"1372\" class=\"elementor elementor-1372\" data-elementor-post-type=\"page\">\n\t\t\t\t\t\t<section class=\"elementor-section elementor-top-section elementor-element elementor-element-7a79065c elementor-section-height-min-height elementor-section-boxed elementor-section-height-default elementor-section-items-middle\" data-id=\"7a79065c\" data-element_type=\"section\" data-e-type=\"section\" data-settings=\"{&quot;background_background&quot;:&quot;classic&quot;}\">\n\t\t\t\t\t\t\t<div class=\"elementor-background-overlay\"><\/div>\n\t\t\t\t\t\t\t<div class=\"elementor-container elementor-column-gap-no\">\n\t\t\t\t\t<div class=\"elementor-column elementor-col-100 elementor-top-column elementor-element elementor-element-5cb76126 elementor-hidden-tablet elementor-hidden-mobile\" data-id=\"5cb76126\" data-element_type=\"column\" data-e-type=\"column\">\n\t\t\t<div class=\"elementor-widget-wrap\">\n\t\t\t\t\t\t\t<\/div>\n\t\t<\/div>\n\t\t\t\t\t<\/div>\n\t\t<\/section>\n\t\t\t\t<section class=\"elementor-section elementor-top-section elementor-element elementor-element-60844d0 elementor-section-boxed elementor-section-height-default elementor-section-height-default\" data-id=\"60844d0\" data-element_type=\"section\" data-e-type=\"section\">\n\t\t\t\t\t\t<div class=\"elementor-container elementor-column-gap-no\">\n\t\t\t\t\t<div class=\"elementor-column elementor-col-100 elementor-top-column elementor-element elementor-element-9147977 elementor-invisible\" data-id=\"9147977\" data-element_type=\"column\" data-e-type=\"column\" data-settings=\"{&quot;background_background&quot;:&quot;classic&quot;,&quot;animation&quot;:&quot;fadeInUp&quot;,&quot;animation_delay&quot;:&quot;500&quot;}\">\n\t\t\t<div class=\"elementor-widget-wrap elementor-element-populated\">\n\t\t\t\t\t<div class=\"elementor-background-overlay\"><\/div>\n\t\t\t\t\t\t<div class=\"elementor-element elementor-element-ee5e9e9 elementor-widget elementor-widget-heading\" data-id=\"ee5e9e9\" data-element_type=\"widget\" data-e-type=\"widget\" data-widget_type=\"heading.default\">\n\t\t\t\t\t<h3 class=\"elementor-heading-title elementor-size-default\">Angelina<\/h3>\t\t\t\t<\/div>\n\t\t\t\t<div class=\"elementor-element elementor-element-0984d4f elementor-widget elementor-widget-text-editor\" data-id=\"0984d4f\" data-element_type=\"widget\" data-e-type=\"widget\" data-widget_type=\"text-editor.default\">\n\t\t\t\t\t\t\t\t\t<div class=\"elementToProof\">Vuonna 2009 rakennettu katamaraanialus tarjoaa viihtyis\u00e4t ja monipuoliset puitteet erilaisiin tilaisuuksiin vesill\u00e4. Sen 20 metrin pituus ja 7 metrin leveys takaavat tilavat ja toimivat oleskelualueet niin sis\u00e4ll\u00e4 kuin ulkona.<\/div><div>\u00a0<\/div><div class=\"elementToProof\">Alus kulkee vakaasti kahden 300 hevosvoiman p\u00e4\u00e4koneen voimin, mik\u00e4 tekee matkanteosta miellytt\u00e4v\u00e4\u00e4 kaikissa tilanteissa. Matala, vain 0,7 metrin syv\u00e4ys mahdollistaa liikkumisen my\u00f6s matalammissa vesiss\u00e4.<\/div><div>\u00a0<\/div><div class=\"elementToProof\">Istumapaikkoja on sis\u00e4tiloissa jopa 100 hengelle, ja ulkotiloissa 50 hengelle \u2013 tarjoten joustavasti tilaa niin juhliin, kokouksiin kuin rennompiin risteilyhetkiin.<\/div>\t\t\t\t\t\t\t\t<\/div>\n\t\t\t\t<div class=\"elementor-element elementor-element-a013e99 elementor-widget elementor-widget-image\" data-id=\"a013e99\" data-element_type=\"widget\" data-e-type=\"widget\" data-widget_type=\"image.default\">\n\t\t\t\t\t\t\t\t\t\t\t\t\t\t\t<img fetchpriority=\"high\" decoding=\"async\" width=\"654\" height=\"437\" src=\"https:\/\/oululines.blueflamestories.com\/wp-content\/uploads\/2026\/04\/Oulu-Lines-\u2013-Angelina_Vartossa-3x2-1.jpg\" class=\"attachment-full size-full wp-image-1865\" alt=\"\" srcset=\"https:\/\/oululines.blueflamestories.com\/wp-content\/uploads\/2026\/04\/Oulu-Lines-\u2013-Angelina_Vartossa-3x2-1.jpg 654w, https:\/\/oululines.blueflamestories.com\/wp-content\/uploads\/2026\/04\/Oulu-Lines-\u2013-Angelina_Vartossa-3x2-1-300x200.jpg 300w, https:\/\/oululines.blueflamestories.com\/wp-content\/uploads\/2026\/04\/Oulu-Lines-\u2013-Angelina_Vartossa-3x2-1-18x12.jpg 18w, https:\/\/oululines.blueflamestories.com\/wp-content\/uploads\/2026\/04\/Oulu-Lines-\u2013-Angelina_Vartossa-3x2-1-600x401.jpg 600w\" sizes=\"(max-width: 654px) 100vw, 654px\" \/>\t\t\t\t\t\t\t\t\t\t\t\t\t\t\t<\/div>\n\t\t\t\t<section class=\"elementor-section elementor-inner-section elementor-element elementor-element-78a5aba elementor-section-boxed elementor-section-height-default elementor-section-height-default\" data-id=\"78a5aba\" data-element_type=\"section\" data-e-type=\"section\" data-settings=\"{&quot;background_background&quot;:&quot;classic&quot;}\">\n\t\t\t\t\t\t<div class=\"elementor-container elementor-column-gap-no\">\n\t\t\t\t\t<div class=\"elementor-column elementor-col-50 elementor-inner-column elementor-element elementor-element-1ee42fe\" data-id=\"1ee42fe\" data-element_type=\"column\" data-e-type=\"column\">\n\t\t\t<div class=\"elementor-widget-wrap elementor-element-populated\">\n\t\t\t\t\t\t<div class=\"elementor-element elementor-element-7922b24 elementor-widget elementor-widget-heading\" data-id=\"7922b24\" data-element_type=\"widget\" data-e-type=\"widget\" data-widget_type=\"heading.default\">\n\t\t\t\t\t<h4 class=\"elementor-heading-title elementor-size-default\">Tietoja aluksesta<\/h4>\t\t\t\t<\/div>\n\t\t\t\t<div class=\"elementor-element elementor-element-753b1e6 elementor-widget elementor-widget-text-editor\" data-id=\"753b1e6\" data-element_type=\"widget\" data-e-type=\"widget\" data-widget_type=\"text-editor.default\">\n\t\t\t\t\t\t\t\t\t<p>\ud83d\udea2 Rakennettu: 2009<\/p><p>\ud83c\udfd7\ufe0f Rakennuspaikka: Kellon Ter\u00e4svene Ky, Haukipudas<\/p><p>\ud83d\udccf Pituus: 20 m<\/p><p>\ud83d\udcd0 Leveys: 7 m<\/p><p>\ud83c\udf0a Syv\u00e4ys: 0,7 m<\/p><p>\u2699\ufe0f \u00a0P\u00e4\u00e4koneet: 2 \u00d7 300 hv (2 \u00d7 220 kW)<\/p><p>\ud83d\udc65 Tilat ja kapasiteetti<\/p><p>\ud83c\udf24\ufe0f Ulkotilat: 50 istumapaikkaa<\/p><p>\ud83e\ude91 Sis\u00e4tilat: 100 istumapaikkaa<\/p>\t\t\t\t\t\t\t\t<\/div>\n\t\t\t\t<div class=\"elementor-element elementor-element-76d5bb4 elementor-widget elementor-widget-image\" data-id=\"76d5bb4\" data-element_type=\"widget\" data-e-type=\"widget\" data-widget_type=\"image.default\">\n\t\t\t\t\t\t\t\t\t\t\t\t\t\t\t<img decoding=\"async\" width=\"225\" height=\"159\" src=\"https:\/\/oululines.blueflamestories.com\/wp-content\/uploads\/2026\/04\/Angelina_ohjaamo.gif\" class=\"attachment-full size-full wp-image-1652\" alt=\"\" \/>\t\t\t\t\t\t\t\t\t\t\t\t\t\t\t<\/div>\n\t\t\t\t\t<\/div>\n\t\t<\/div>\n\t\t\t\t<div class=\"elementor-column elementor-col-50 elementor-inner-column elementor-element elementor-element-2ec54b3\" data-id=\"2ec54b3\" data-element_type=\"column\" data-e-type=\"column\">\n\t\t\t<div class=\"elementor-widget-wrap elementor-element-populated\">\n\t\t\t\t\t\t<div class=\"elementor-element elementor-element-ef0d7fb elementor-widget elementor-widget-image\" data-id=\"ef0d7fb\" data-element_type=\"widget\" data-e-type=\"widget\" data-widget_type=\"image.default\">\n\t\t\t\t\t\t\t\t\t\t\t\t\t\t\t<img decoding=\"async\" width=\"536\" height=\"165\" src=\"https:\/\/oululines.blueflamestories.com\/wp-content\/uploads\/2026\/04\/Angelina_sivulta.gif\" class=\"attachment-full size-full wp-image-1654\" alt=\"\" \/>\t\t\t\t\t\t\t\t\t\t\t\t\t\t\t<\/div>\n\t\t\t\t<div class=\"elementor-element elementor-element-1e332d7 elementor-widget elementor-widget-image\" data-id=\"1e332d7\" data-element_type=\"widget\" data-e-type=\"widget\" data-widget_type=\"image.default\">\n\t\t\t\t\t\t\t\t\t\t\t\t\t\t\t<img loading=\"lazy\" decoding=\"async\" width=\"497\" height=\"238\" src=\"https:\/\/oululines.blueflamestories.com\/wp-content\/uploads\/2026\/04\/Angelina_pohja-1.gif\" class=\"attachment-full size-full wp-image-1655\" alt=\"\" \/>\t\t\t\t\t\t\t\t\t\t\t\t\t\t\t<\/div>\n\t\t\t\t\t<\/div>\n\t\t<\/div>\n\t\t\t\t\t<\/div>\n\t\t<\/section>\n\t\t\t\t<div class=\"elementor-element elementor-element-e049b28 elementor-widget elementor-widget-gallery\" data-id=\"e049b28\" data-element_type=\"widget\" data-e-type=\"widget\" data-settings=\"{&quot;columns&quot;:3,&quot;gap&quot;:{&quot;unit&quot;:&quot;px&quot;,&quot;size&quot;:15,&quot;sizes&quot;:[]},&quot;gap_mobile&quot;:{&quot;unit&quot;:&quot;px&quot;,&quot;size&quot;:15,&quot;sizes&quot;:[]},&quot;aspect_ratio&quot;:&quot;1:1&quot;,&quot;lazyload&quot;:&quot;yes&quot;,&quot;gallery_layout&quot;:&quot;grid&quot;,&quot;columns_tablet&quot;:2,&quot;columns_mobile&quot;:1,&quot;gap_tablet&quot;:{&quot;unit&quot;:&quot;px&quot;,&quot;size&quot;:10,&quot;sizes&quot;:[]},&quot;content_hover_animation&quot;:&quot;fade-in&quot;}\" data-widget_type=\"gallery.default\">\n\t\t\t\t\t\t\t<div class=\"elementor-gallery__container\">\n\t\t\t\t\t\t\t<div class=\"e-gallery-item elementor-gallery-item elementor-animated-content\">\n\t\t\t\t\t<div class=\"e-gallery-image elementor-gallery-item__image\" data-thumbnail=\"https:\/\/oululines.blueflamestories.com\/wp-content\/uploads\/2026\/04\/001-768x576.jpg\" data-width=\"768\" data-height=\"576\" aria-label=\"\" role=\"img\" ><\/div>\n\t\t\t\t\t\t\t\t\t\t\t\t\t\t<\/div>\n\t\t\t\t\t\t\t<div class=\"e-gallery-item elementor-gallery-item elementor-animated-content\">\n\t\t\t\t\t<div class=\"e-gallery-image elementor-gallery-item__image\" data-thumbnail=\"https:\/\/oululines.blueflamestories.com\/wp-content\/uploads\/2026\/04\/DSCN1434-768x576.jpg\" data-width=\"768\" data-height=\"576\" aria-label=\"\" role=\"img\" ><\/div>\n\t\t\t\t\t\t\t\t\t\t\t\t\t\t<\/div>\n\t\t\t\t\t\t\t<div class=\"e-gallery-item elementor-gallery-item elementor-animated-content\">\n\t\t\t\t\t<div class=\"e-gallery-image elementor-gallery-item__image\" data-thumbnail=\"https:\/\/oululines.blueflamestories.com\/wp-content\/uploads\/2026\/04\/DSCN1435-768x576.jpg\" data-width=\"768\" data-height=\"576\" aria-label=\"\" role=\"img\" ><\/div>\n\t\t\t\t\t\t\t\t\t\t\t\t\t\t<\/div>\n\t\t\t\t\t\t\t<div class=\"e-gallery-item elementor-gallery-item elementor-animated-content\">\n\t\t\t\t\t<div class=\"e-gallery-image elementor-gallery-item__image\" data-thumbnail=\"https:\/\/oululines.blueflamestories.com\/wp-content\/uploads\/2026\/04\/DSCN1439-768x576.jpg\" data-width=\"768\" data-height=\"576\" aria-label=\"\" role=\"img\" ><\/div>\n\t\t\t\t\t\t\t\t\t\t\t\t\t\t<\/div>\n\t\t\t\t\t\t\t<div class=\"e-gallery-item elementor-gallery-item elementor-animated-content\">\n\t\t\t\t\t<div class=\"e-gallery-image elementor-gallery-item__image\" data-thumbnail=\"https:\/\/oululines.blueflamestories.com\/wp-content\/uploads\/2026\/04\/DSCN1444-768x576.jpg\" data-width=\"768\" data-height=\"576\" aria-label=\"\" role=\"img\" ><\/div>\n\t\t\t\t\t\t\t\t\t\t\t\t\t\t<\/div>\n\t\t\t\t\t\t\t<div class=\"e-gallery-item elementor-gallery-item elementor-animated-content\">\n\t\t\t\t\t<div class=\"e-gallery-image elementor-gallery-item__image\" data-thumbnail=\"https:\/\/oululines.blueflamestories.com\/wp-content\/uploads\/2026\/04\/IMG_20180622_113837_795-768x768.jpg\" data-width=\"768\" data-height=\"768\" aria-label=\"\" role=\"img\" ><\/div>\n\t\t\t\t\t\t\t\t\t\t\t\t\t\t<\/div>\n\t\t\t\t\t<\/div>\n\t\t\t\t\t<\/div>\n\t\t\t\t\t<\/div>\n\t\t<\/div>\n\t\t\t\t\t<\/div>\n\t\t<\/section>\n\t\t\t\t<\/div>","protected":false},"excerpt":{"rendered":"<p>Angelina Vuonna 2009 rakennettu katamaraanialus tarjoaa viihtyis\u00e4t ja monipuoliset puitteet erilaisiin tilaisuuksiin vesill\u00e4. Sen 20 metrin pituus ja 7 metrin leveys takaavat tilavat ja toimivat oleskelualueet niin sis\u00e4ll\u00e4 kuin ulkona.\u00a0Alus kulkee vakaasti kahden 300 hevosvoiman p\u00e4\u00e4koneen voimin, mik\u00e4 tekee matkanteosta miellytt\u00e4v\u00e4\u00e4 kaikissa tilanteissa. Matala, vain 0,7 metrin syv\u00e4ys mahdollistaa liikkumisen my\u00f6s matalammissa vesiss\u00e4.\u00a0Istumapaikkoja on sis\u00e4tiloissa [&hellip;]<\/p>\n","protected":false},"author":1,"featured_media":0,"parent":184,"menu_order":0,"comment_status":"closed","ping_status":"closed","template":"","meta":{"footnotes":""},"class_list":["post-1372","page","type-page","status-publish","hentry"],"jetpack_sharing_enabled":true,"_links":{"self":[{"href":"https:\/\/oululines.blueflamestories.com\/en\/wp-json\/wp\/v2\/pages\/1372","targetHints":{"allow":["GET"]}}],"collection":[{"href":"https:\/\/oululines.blueflamestories.com\/en\/wp-json\/wp\/v2\/pages"}],"about":[{"href":"https:\/\/oululines.blueflamestories.com\/en\/wp-json\/wp\/v2\/types\/page"}],"author":[{"embeddable":true,"href":"https:\/\/oululines.blueflamestories.com\/en\/wp-json\/wp\/v2\/users\/1"}],"replies":[{"embeddable":true,"href":"https:\/\/oululines.blueflamestories.com\/en\/wp-json\/wp\/v2\/comments?post=1372"}],"version-history":[{"count":61,"href":"https:\/\/oululines.blueflamestories.com\/en\/wp-json\/wp\/v2\/pages\/1372\/revisions"}],"predecessor-version":[{"id":2367,"href":"https:\/\/oululines.blueflamestories.com\/en\/wp-json\/wp\/v2\/pages\/1372\/revisions\/2367"}],"up":[{"embeddable":true,"href":"https:\/\/oululines.blueflamestories.com\/en\/wp-json\/wp\/v2\/pages\/184"}],"wp:attachment":[{"href":"https:\/\/oululines.blueflamestories.com\/en\/wp-json\/wp\/v2\/media?parent=1372"}],"curies":[{"name":"wp","href":"https:\/\/api.w.org\/{rel}","templated":true}]}}